{"id":748,"date":"2019-08-27T10:34:48","date_gmt":"2019-08-27T08:34:48","guid":{"rendered":"https:\/\/www.aventia.no\/kommunetv\/?page_id=748"},"modified":"2019-08-27T12:24:21","modified_gmt":"2019-08-27T10:24:21","slug":"personvern","status":"publish","type":"page","link":"https:\/\/www.aventia.no\/kommunetv\/personvern\/","title":{"rendered":"Personvern"},"content":{"rendered":"<div class=\"fusion-fullwidth fullwidth-box fusion-builder-row-1 nonhundred-percent-fullwidth non-hundred-percent-height-scrolling\" style=\"background-color: rgba(255,255,255,0);background-position: center center;background-repeat: no-repeat;padding-top:0px;padding-right:0px;padding-bottom:0px;padding-left:0px;margin-bottom: 0px;margin-top: 0px;border-width: 0px 0px 0px 0px;border-color:#eae9e9;border-style:solid;\" ><div class=\"fusion-builder-row fusion-row\"><div class=\"fusion-layout-column fusion_builder_column fusion-builder-column-0 fusion_builder_column_1_1 1_1 fusion-one-full fusion-column-first fusion-column-last\" style=\"margin-top:0px;margin-bottom:0px;\"><div class=\"fusion-column-wrapper fusion-flex-column-wrapper-legacy\" style=\"background-position:left top;background-repeat:no-repeat;-webkit-background-size:cover;-moz-background-size:cover;-o-background-size:cover;background-size:cover;padding: 0px 0px 0px 0px;\"><div class=\"fusion-text fusion-text-1\"><h2 style=\"text-align: center;\">Personvernerkl\u00e6ringen<\/h2>\n<p>Innholdsfortegnelse<\/p>\n<p><a href=\"#1.1\">1.1 &#8211; Generelt<\/a><\/p>\n<p><a href=\"#2.1\">2.1 &#8211; Informasjon vi lagrer<\/a><\/p>\n<p><a href=\"#2.2\">2.2 &#8211; Registreringsinformasjon<\/a><\/p>\n<p><a href=\"#3.1\">3.1 &#8211; Informasjon om nettsidebruken<\/a><\/p>\n<p><a href=\"#3.2\">3.2 &#8211; Informasjonskapsler<\/a><\/p>\n<p><a href=\"#3.3\">3.3 &#8211; Opplasting av filer<\/a><\/p>\n<p><a href=\"#4.1\">4.1 &#8211; Hvordan Aventia bruker informasjonen<\/a><\/p>\n<p><a name=\"1.1\"><\/a><a href=\"#5.1\">5.1 &#8211; Sikkerhet<\/a><\/p>\n<p><a name=\"2.1\"><\/a><a href=\"#6.1\">6.1 &#8211; Lenker<\/a><\/p>\n<p><a name=\"2.2\"><\/a><a href=\"#7.1\">7.1 &#8211; Innsyn, endringer og sletting av personopplysninger<\/a><\/p>\n<p><a href=\"#7.2\">7.2 &#8211; Klager<\/a><\/p>\n<p><a href=\"#7.3\">7.3 &#8211; Endring av personvernerkl\u00e6ringen<\/a><\/p>\n<p><a name=\"3.1\"><\/a>1.1 &#8211; Generelt Disse personvernreglene gjelder enhver bruk av produkter, tjenester og nettsteder levert av Aventia Media AS (\u00abAventia\u00bb). Referanser til \u00abvi\u00bb, \u00abv\u00e5r\u00bb og \u00aboss\u00bb refererer til Aventia, mens \u00abdu\u00bb, \u00abdin\u00bb og \u00abbruker\u00bb refererer til Aventia sin kunde eller bruker.<\/p>\n<p>2.1 &#8211; Informasjon vi lagrer N\u00e5r du bruker Aventia gir du oss to typer informasjon: personlig informasjon som du selv velger \u00e5 formidle, og som blir samlet inn av oss, og informasjon om nettsidebruken som blir samlet inn av oss mens du bruker nettstedet og Aventias tjenester.<\/p>\n<p><a name=\"3.2\"><\/a>2.2 &#8211; Registreringsinformasjon N\u00e5r du registrerer deg som bruker av v\u00e5re tjenester oppgir du personlige informasjon som navn, epostadresse og mobilnummer, heretter kalt Personopplysninger. Passord lagres kryptert i v\u00e5r database. Vi kan ikke lese passordet ditt. Vi har heller ikke tilgang til din kredittkortinformasjon. N\u00e5r du registrerer deg som bruker av v\u00e5re l\u00f8sninger, samtykker du til at vi kan sende deg e-post med innhold relatert til tjenesten og din konto.<\/p>\n<p><a name=\"3.3\"><\/a>3.1 &#8211; Informasjon om nettsidebruken N\u00e5r du logger deg inn p\u00e5 v\u00e5re tjenester, registrerer vi nettlesertypen og IP-adressen din. Denne informasjonen samles inn for alle som bes\u00f8ker v\u00e5re l\u00f8sninger. I tillegg lagrer vi bestemt informasjon fra nettleseren din ved hjelp av informasjonkapsler (cookies). Informasjonkapsler er data som lagres p\u00e5 din datamaskin, som er knyttet til informasjon om brukeren. Vi bruker informasjonskapsler for \u00e5 bekrefte at du er logget inn. Basert p\u00e5 IP-adresse vil statistikk over videobruk ned p\u00e5 by-niv\u00e5 utarbeides, lokasjonsstatistikk er ikke personlig identifiserbar.<\/p>\n<p><a name=\"4.1\"><\/a>3.2 &#8211; Informasjonskapsler Vi bruker vedvarende informasjonskapsler til \u00e5 lage statistikk om nettstedbruken p\u00e5 tjenesten. Vedvarende informasjonskapsler lagres p\u00e5 datamaskinene din over en lengere periode. Denne informasjonen er ikke personlig identifiserbar.<\/p>\n<p>3.3 &#8211; Opplasting av filer N\u00e5r du laster opp filer fra datamaskinen din, lagres filene dine p\u00e5 v\u00e5re servere. Da sender du samtidig filsysteminformasjon som navn p\u00e5 filer og mapper, filst\u00f8rrelse og annen metadata. Filer er kryptert med Secure Socket Layer (SSL) under overf\u00f8ring.<\/p>\n<p><a name=\"5.1\"><\/a>4.1 &#8211; Hvordan Aventia bruker informasjonen Informasjon innsamlet av Aventia brukes kun for \u00e5 levere og forbedre tjenesten, og for \u00e5 utvikle nye produkter og tjenester. Vi kan se informasjon om ditt filsystem (som filnavn og filst\u00f8rrelse etc.), dette inkluderer ogs\u00e5 innholdet i disse filene.<\/p>\n<p>\u2022 Vi vil ikke selge eller markedsf\u00f8re e-postadresser<\/p>\n<p>\u2022 Vi vil ikke levere ut dine personopplysninger til tredjepart<\/p>\n<p>\u2022 Vi vil ikke \u00e5pne eller lese filene du lagrer hos oss uten din godkjenning<\/p>\n<p>5.1 &#8211; Sikkerhet Aventia opererer med strenge sikkerhetstiltak for \u00e5 beskytte mot tap, misbruk og endring av informasjonen lagret hos oss. Ettersom e-post og direktemeldinger ikke anses som sikker kommunikasjon, vil vi be om at du ikke sender sensitive personopplysninger til oss p\u00e5 e-post eller gjennom meldingstjenester. All kommunikasjon p\u00e5 v\u00e5re l\u00f8sninger g\u00e5r over Secure Socket Layer (SSL) for \u00e5 hindre at brukerp\u00e5logging skal komme p\u00e5 avveie. Dersom du terminerer ditt kundeforhold blir brukerdata og annen informasjon oppbevart i arkiv eller back-up filer i inntil 180 dager.<\/p>\n<p><a name=\"6.1\"><\/a>6.1 &#8211; Lenker V\u00e5re l\u00f8sninger inneholder lenker til andre nettsteder. Vi st\u00e5r ikke ansvarlig for personvernpraksisen til andre nettsteder. Vi oppfordrer brukerne til \u00e5 v\u00e6re oppmerksomme n\u00e5r de forlater sidene v\u00e5re, og til \u00e5 lese retningslinjene for personvern for alle nettsteder som samler inn personlig identifiserbar informasjon. Disse retningslinjene for personvern gjelder bare for informasjon innhentet av oss.<\/p>\n<p><a name=\"7.1\"><\/a>7.1 &#8211; Innsyn, endringer og sletting av personopplysninger Du har rett til \u00e5 kreve innsyn, retting eller sletting av personopplysningene vi behandler om deg. Du har videre rett til \u00e5 kreve begrenset behandling, rette innsigelse mot behandlingen og kreve rett til dataportabilitet. Du kan til enhver tid trekke tilbake ditt samtykke for behandling av personopplysninger hos oss. Du kan lese mer om innholdet i disse rettighetene p\u00e5 Datatilsynets nettside: https:\/\/www.datatilsynet.no. Ditt samtykke til behandling av personopplysninger er en forutsetning for bruk av v\u00e5re tjenester.<\/p>\n<p><a name=\"7.2\"><\/a>7.2 &#8211; Klager Dersom du mener at v\u00e5r behandling av personopplysninger ikke stemmer med det vi har beskrevet her eller at vi p\u00e5 andre m\u00e5ter bryter personvernlovgivningen, s\u00e5 kan du klage til Datatilsynet. Du finner informasjon om hvordan kontakte Datatilsynet p\u00e5 Datatilsynets nettsider: https:\/\/www.datatilsynet.no.<\/p>\n<p><a name=\"7.3\"><\/a>7.3 &#8211; Endring av personvernerkl\u00e6ringen Vi forbeholder seg retten til \u00e5 endre personvernerkl\u00e6ringen, og vil melde fra om endringer p\u00e5 v\u00e5re hjemmesider. Informasjon om disse endringene vil ogs\u00e5 bli sendt brukere p\u00e5 e-post. Brukerens fortsatt bruk av tjenesten inneb\u00e6rer aksept av disse endringene.<\/p>\n<\/div><div class=\"fusion-clearfix\"><\/div><\/div><\/div><\/div><\/div>\n","protected":false},"excerpt":{"rendered":"","protected":false},"author":2,"featured_media":0,"parent":0,"menu_order":0,"comment_status":"closed","ping_status":"closed","template":"","meta":[],"yoast_head":"<!-- This site is optimized with the Yoast SEO plugin v19.5.1 - https:\/\/yoast.com\/wordpress\/plugins\/seo\/ -->\r\n<title>Personvern - KommuneTV | Aventia AS<\/title>\r\n<meta name=\"robots\" content=\"index, follow, max-snippet:-1, max-image-preview:large, max-video-preview:-1\" \/>\r\n<link rel=\"canonical\" href=\"https:\/\/www.aventia.no\/kommunetv\/personvern\/\" \/>\r\n<meta property=\"og:locale\" content=\"nb_NO\" \/>\r\n<meta property=\"og:type\" content=\"article\" \/>\r\n<meta property=\"og:title\" content=\"Personvern - KommuneTV | Aventia AS\" \/>\r\n<meta property=\"og:url\" content=\"https:\/\/www.aventia.no\/kommunetv\/personvern\/\" \/>\r\n<meta property=\"og:site_name\" content=\"KommuneTV | Aventia AS\" \/>\r\n<meta property=\"article:publisher\" content=\"https:\/\/www.facebook.com\/aventiano\" \/>\r\n<meta property=\"article:modified_time\" content=\"2019-08-27T10:24:21+00:00\" \/>\r\n<meta name=\"twitter:card\" content=\"summary_large_image\" \/>\r\n<meta name=\"twitter:label1\" content=\"Ansl. lesetid\" \/>\n\t<meta name=\"twitter:data1\" content=\"5 minutter\" \/>\r\n<script type=\"application\/ld+json\" class=\"yoast-schema-graph\">{\"@context\":\"https:\/\/schema.org\",\"@graph\":[{\"@type\":\"WebPage\",\"@id\":\"https:\/\/www.aventia.no\/kommunetv\/personvern\/\",\"url\":\"https:\/\/www.aventia.no\/kommunetv\/personvern\/\",\"name\":\"Personvern - KommuneTV | Aventia AS\",\"isPartOf\":{\"@id\":\"https:\/\/www.aventia.no\/kommunetv\/#website\"},\"datePublished\":\"2019-08-27T08:34:48+00:00\",\"dateModified\":\"2019-08-27T10:24:21+00:00\",\"breadcrumb\":{\"@id\":\"https:\/\/www.aventia.no\/kommunetv\/personvern\/#breadcrumb\"},\"inLanguage\":\"nb-NO\",\"potentialAction\":[{\"@type\":\"ReadAction\",\"target\":[\"https:\/\/www.aventia.no\/kommunetv\/personvern\/\"]}]},{\"@type\":\"BreadcrumbList\",\"@id\":\"https:\/\/www.aventia.no\/kommunetv\/personvern\/#breadcrumb\",\"itemListElement\":[{\"@type\":\"ListItem\",\"position\":1,\"name\":\"Hjem\",\"item\":\"https:\/\/www.aventia.no\/kommunetv\/\"},{\"@type\":\"ListItem\",\"position\":2,\"name\":\"Personvern\"}]},{\"@type\":\"WebSite\",\"@id\":\"https:\/\/www.aventia.no\/kommunetv\/#website\",\"url\":\"https:\/\/www.aventia.no\/kommunetv\/\",\"name\":\"KommuneTV | Aventia AS\",\"description\":\"KommuneTV\",\"publisher\":{\"@id\":\"https:\/\/www.aventia.no\/kommunetv\/#organization\"},\"potentialAction\":[{\"@type\":\"SearchAction\",\"target\":{\"@type\":\"EntryPoint\",\"urlTemplate\":\"https:\/\/www.aventia.no\/kommunetv\/?s={search_term_string}\"},\"query-input\":\"required name=search_term_string\"}],\"inLanguage\":\"nb-NO\"},{\"@type\":\"Organization\",\"@id\":\"https:\/\/www.aventia.no\/kommunetv\/#organization\",\"name\":\"KommuneTV | Aventia AS\",\"url\":\"https:\/\/www.aventia.no\/kommunetv\/\",\"sameAs\":[\"https:\/\/www.linkedin.com\/company\/aventia-as\",\"https:\/\/www.facebook.com\/aventiano\"],\"logo\":{\"@type\":\"ImageObject\",\"inLanguage\":\"nb-NO\",\"@id\":\"https:\/\/www.aventia.no\/kommunetv\/#\/schema\/logo\/image\/\",\"url\":\"https:\/\/www.aventia.no\/kommunetv\/wp-content\/uploads\/sites\/2\/2022\/05\/aventia-email-logo.png\",\"contentUrl\":\"https:\/\/www.aventia.no\/kommunetv\/wp-content\/uploads\/sites\/2\/2022\/05\/aventia-email-logo.png\",\"width\":90,\"height\":90,\"caption\":\"KommuneTV | Aventia AS\"},\"image\":{\"@id\":\"https:\/\/www.aventia.no\/kommunetv\/#\/schema\/logo\/image\/\"}}]}<\/script>\r\n<!-- \/ Yoast SEO plugin. -->","yoast_head_json":{"title":"Personvern - KommuneTV | Aventia AS","robots":{"index":"index","follow":"follow","max-snippet":"max-snippet:-1","max-image-preview":"max-image-preview:large","max-video-preview":"max-video-preview:-1"},"canonical":"https:\/\/www.aventia.no\/kommunetv\/personvern\/","og_locale":"nb_NO","og_type":"article","og_title":"Personvern - KommuneTV | Aventia AS","og_url":"https:\/\/www.aventia.no\/kommunetv\/personvern\/","og_site_name":"KommuneTV | Aventia AS","article_publisher":"https:\/\/www.facebook.com\/aventiano","article_modified_time":"2019-08-27T10:24:21+00:00","twitter_card":"summary_large_image","twitter_misc":{"Ansl. lesetid":"5 minutter"},"schema":{"@context":"https:\/\/schema.org","@graph":[{"@type":"WebPage","@id":"https:\/\/www.aventia.no\/kommunetv\/personvern\/","url":"https:\/\/www.aventia.no\/kommunetv\/personvern\/","name":"Personvern - KommuneTV | Aventia AS","isPartOf":{"@id":"https:\/\/www.aventia.no\/kommunetv\/#website"},"datePublished":"2019-08-27T08:34:48+00:00","dateModified":"2019-08-27T10:24:21+00:00","breadcrumb":{"@id":"https:\/\/www.aventia.no\/kommunetv\/personvern\/#breadcrumb"},"inLanguage":"nb-NO","potentialAction":[{"@type":"ReadAction","target":["https:\/\/www.aventia.no\/kommunetv\/personvern\/"]}]},{"@type":"BreadcrumbList","@id":"https:\/\/www.aventia.no\/kommunetv\/personvern\/#breadcrumb","itemListElement":[{"@type":"ListItem","position":1,"name":"Hjem","item":"https:\/\/www.aventia.no\/kommunetv\/"},{"@type":"ListItem","position":2,"name":"Personvern"}]},{"@type":"WebSite","@id":"https:\/\/www.aventia.no\/kommunetv\/#website","url":"https:\/\/www.aventia.no\/kommunetv\/","name":"KommuneTV | Aventia AS","description":"KommuneTV","publisher":{"@id":"https:\/\/www.aventia.no\/kommunetv\/#organization"},"potentialAction":[{"@type":"SearchAction","target":{"@type":"EntryPoint","urlTemplate":"https:\/\/www.aventia.no\/kommunetv\/?s={search_term_string}"},"query-input":"required name=search_term_string"}],"inLanguage":"nb-NO"},{"@type":"Organization","@id":"https:\/\/www.aventia.no\/kommunetv\/#organization","name":"KommuneTV | Aventia AS","url":"https:\/\/www.aventia.no\/kommunetv\/","sameAs":["https:\/\/www.linkedin.com\/company\/aventia-as","https:\/\/www.facebook.com\/aventiano"],"logo":{"@type":"ImageObject","inLanguage":"nb-NO","@id":"https:\/\/www.aventia.no\/kommunetv\/#\/schema\/logo\/image\/","url":"https:\/\/www.aventia.no\/kommunetv\/wp-content\/uploads\/sites\/2\/2022\/05\/aventia-email-logo.png","contentUrl":"https:\/\/www.aventia.no\/kommunetv\/wp-content\/uploads\/sites\/2\/2022\/05\/aventia-email-logo.png","width":90,"height":90,"caption":"KommuneTV | Aventia AS"},"image":{"@id":"https:\/\/www.aventia.no\/kommunetv\/#\/schema\/logo\/image\/"}}]}},"_links":{"self":[{"href":"https:\/\/www.aventia.no\/kommunetv\/wp-json\/wp\/v2\/pages\/748"}],"collection":[{"href":"https:\/\/www.aventia.no\/kommunetv\/wp-json\/wp\/v2\/pages"}],"about":[{"href":"https:\/\/www.aventia.no\/kommunetv\/wp-json\/wp\/v2\/types\/page"}],"author":[{"embeddable":true,"href":"https:\/\/www.aventia.no\/kommunetv\/wp-json\/wp\/v2\/users\/2"}],"replies":[{"embeddable":true,"href":"https:\/\/www.aventia.no\/kommunetv\/wp-json\/wp\/v2\/comments?post=748"}],"version-history":[{"count":28,"href":"https:\/\/www.aventia.no\/kommunetv\/wp-json\/wp\/v2\/pages\/748\/revisions"}],"predecessor-version":[{"id":778,"href":"https:\/\/www.aventia.no\/kommunetv\/wp-json\/wp\/v2\/pages\/748\/revisions\/778"}],"wp:attachment":[{"href":"https:\/\/www.aventia.no\/kommunetv\/wp-json\/wp\/v2\/media?parent=748"}],"curies":[{"name":"wp","href":"https:\/\/api.w.org\/{rel}","templated":true}]}}