{"id":2337,"date":"2026-04-10T13:48:00","date_gmt":"2026-04-10T11:48:00","guid":{"rendered":"https:\/\/www.aventia.no\/kommunetv\/?page_id=2337"},"modified":"2026-04-10T15:08:20","modified_gmt":"2026-04-10T13:08:20","slug":"webinar","status":"publish","type":"page","link":"https:\/\/www.aventia.no\/kommunetv\/webinar\/","title":{"rendered":"Webinar"},"content":{"rendered":"<div class=\"fusion-fullwidth fullwidth-box fusion-builder-row-1 fusion-flex-container nonhundred-percent-fullwidth non-hundred-percent-height-scrolling\" style=\"background-color: rgba(255,255,255,0);background-position: center center;background-repeat: no-repeat;border-width: 0px 0px 0px 0px;border-color:#eae9e9;border-style:solid;\" ><div class=\"fusion-builder-row fusion-row fusion-flex-align-items-flex-start\" style=\"max-width:1216.8px;margin-left: calc(-4% \/ 2 );margin-right: calc(-4% \/ 2 );\"><div class=\"fusion-layout-column fusion_builder_column fusion-builder-column-0 fusion_builder_column_1_2 1_2 fusion-flex-column\"><div class=\"fusion-column-wrapper fusion-flex-justify-content-flex-start fusion-content-layout-column\" style=\"background-image: linear-gradient(180deg, #f4f4f4 0%,#f7f7f7 100%);background-position:left top;background-blend-mode: multiply;background-repeat:no-repeat;-webkit-background-size:cover;-moz-background-size:cover;-o-background-size:cover;background-size:cover;border-radius:20px 20px 20px 20px;background-color:#f4f4f4;border-width: 1px 1px 1px 1px;border-color:#bababa;border-style:solid;border-radius:20px 20px 20px 20px;overflow:hidden;padding: 5px 15px 10px 15px;\"><div class=\"fusion-text fusion-text-1\"><h3>8. Mai<\/h3>\n<hr \/>\n<\/div><div class=\"fusion-text fusion-text-2\"><h3>KommuneTV \u00d7 Bridge \u2013 Slik kan din kommune f\u00e5 bedre samspill mellom administrasjon og politisk niv\u00e5<\/h3>\n<h6>Compilo og Aventia Media inviterer kommuner i Norge til et felles webinar om hvordan\u00a0<strong>KommuneTV<\/strong>\u00a0og\u00a0<strong>Bridge<\/strong>\u00a0fungerer sammen, og hva det betyr for din kommune i praksis.<\/h6>\n<h6>Trykk p\u00e5 p\u00e5melding for \u00e5 lese mer.<\/h6>\n<\/div><ul class=\"fusion-checklist fusion-checklist-1\" style=\"font-size:14px;line-height:23.8px;\"><li class=\"fusion-li-item\"><span style=\"background-color:#f43545;font-size:12.32px;height:23.8px;width:23.8px;margin-right:9.8px;\" class=\"icon-wrapper circle-yes\"><i class=\"fusion-li-icon fa-calendar-alt fas\" style=\"color:#ffffff;\" aria-hidden=\"true\"><\/i><\/span><div class=\"fusion-li-item-content\" style=\"margin-left:33.6px;\">\n<p><strong>Fredag 8. Mai 2026 kl. 09:00<\/strong><\/p>\n<\/div><\/li><li class=\"fusion-li-item\"><span style=\"background-color:#f43545;font-size:12.32px;height:23.8px;width:23.8px;margin-right:9.8px;\" class=\"icon-wrapper circle-yes\"><i class=\"fusion-li-icon fa-clock fas\" style=\"color:#ffffff;\" aria-hidden=\"true\"><\/i><\/span><div class=\"fusion-li-item-content\" style=\"margin-left:33.6px;\">\n<p><strong>60min.<\/strong><\/p>\n<\/div><\/li><li class=\"fusion-li-item\"><span style=\"background-color:#f43545;font-size:12.32px;height:23.8px;width:23.8px;margin-right:9.8px;\" class=\"icon-wrapper circle-yes\"><i class=\"fusion-li-icon fa-money-bill fas\" style=\"color:#ffffff;\" aria-hidden=\"true\"><\/i><\/span><div class=\"fusion-li-item-content\" style=\"margin-left:33.6px;\">\n<p><strong>Gratis<\/strong><\/p>\n<\/div><\/li><li class=\"fusion-li-item\"><span style=\"background-color:#f43545;font-size:12.32px;height:23.8px;width:23.8px;margin-right:9.8px;\" class=\"icon-wrapper circle-yes\"><i class=\"fusion-li-icon fa-user fas\" style=\"color:#ffffff;\" aria-hidden=\"true\"><\/i><\/span><div class=\"fusion-li-item-content\" style=\"margin-left:33.6px;\">\n<p><strong>Kursholder: Thomas Bj\u00e4llhag &amp; Kristian Aksnes<\/strong><\/p>\n<\/div><\/li><\/ul><div style=\"text-align:center;\"><style type=\"text\/css\">.fusion-button.button-1 .fusion-button-text, .fusion-button.button-1 i {color:#ffffff;}.fusion-button.button-1 .fusion-button-icon-divider{border-color:#ffffff;}.fusion-button.button-1:hover .fusion-button-text, .fusion-button.button-1:hover i,.fusion-button.button-1:focus .fusion-button-text, .fusion-button.button-1:focus i,.fusion-button.button-1:active .fusion-button-text, .fusion-button.button-1:active{color:#ffffff;}.fusion-button.button-1:hover .fusion-button-icon-divider, .fusion-button.button-1:hover .fusion-button-icon-divider, .fusion-button.button-1:active .fusion-button-icon-divider{border-color:#ffffff;}.fusion-button.button-1:hover, .fusion-button.button-1:focus, .fusion-button.button-1:active{border-color:#ffffff;}.fusion-button.button-1 {border-color:#ffffff;border-radius:15px;}.fusion-button.button-1{background: #ff2a1f;\n\t\t\t\t\t\t\tbackground-image: -webkit-gradient( linear, left bottom, left top, from( #ff1105 ), to( #ff2a1f ) );\n\t\t\t\t\t\t\tbackground-image: -webkit-linear-gradient( bottom, #ff1105, #ff2a1f );\n\t\t\t\t\t\t\tbackground-image:   -moz-linear-gradient( bottom, #ff1105, #ff2a1f );\n\t\t\t\t\t\t\tbackground-image:     -o-linear-gradient( bottom, #ff1105, #ff2a1f );\n\t\t\t\t\t\t\tbackground-image: linear-gradient( to top, #ff1105, #ff2a1f );}.fusion-button.button-1:hover,.button-1:focus,.fusion-button.button-1:active{background: #e01e1a;\n\t\t\t\t\t\t\tbackground-image: -webkit-gradient( linear, left bottom, left top, from( #c62825 ), to( #e01e1a ) );\n\t\t\t\t\t\t\tbackground-image: -webkit-linear-gradient( bottom, #c62825, #e01e1a );\n\t\t\t\t\t\t\tbackground-image:   -moz-linear-gradient( bottom, #c62825, #e01e1a );\n\t\t\t\t\t\t\tbackground-image:     -o-linear-gradient( bottom, #c62825, #e01e1a );\n\t\t\t\t\t\t\tbackground-image: linear-gradient( to top, #c62825, #e01e1a );}<\/style><a class=\"fusion-button button-flat button-large button-custom button-1 fusion-button-span-yes fusion-button-default-type\" target=\"_self\" href=\"https:\/\/events.teams.microsoft.com\/event\/0f16b055-9f65-4643-a590-0071a150c501@c6cb4b95-e867-479d-97a6-b314ebdd3c81\" style=\"margin-top:5%;\"><span class=\"fusion-button-text\">P\u00e5melding<\/span><\/a><\/div><\/div><style type=\"text\/css\">.fusion-body .fusion-builder-column-0{width:50% !important;margin-top : 15px;margin-bottom : 15px;}.fusion-builder-column-0 > .fusion-column-wrapper {padding-top : 5 !important;padding-right : 15 !important;margin-right : 3.84%;padding-bottom : 10 !important;padding-left : 15 !important;margin-left : 3.84%;}@media only screen and (max-width:1024px) {.fusion-body .fusion-builder-column-0{width:100% !important;order : 0;}.fusion-builder-column-0 > .fusion-column-wrapper {margin-right : 1.92%;margin-left : 1.92%;}}@media only screen and (max-width:640px) {.fusion-body .fusion-builder-column-0{width:100% !important;order : 0;}.fusion-builder-column-0 > .fusion-column-wrapper {margin-right : 1.92%;margin-left : 1.92%;}}<\/style><\/div><div class=\"fusion-layout-column fusion_builder_column fusion-builder-column-1 fusion_builder_column_1_2 1_2 fusion-flex-column\"><div class=\"fusion-column-wrapper fusion-flex-justify-content-flex-start fusion-content-layout-column\" style=\"background-image: linear-gradient(180deg, #f4f4f4 0%,#f7f7f7 100%);background-position:left top;background-blend-mode: multiply;background-repeat:no-repeat;-webkit-background-size:cover;-moz-background-size:cover;-o-background-size:cover;background-size:cover;border-radius:20px 20px 20px 20px;background-color:#f4f4f4;border-width: 1px 1px 1px 1px;border-color:#bababa;border-style:solid;border-radius:20px 20px 20px 20px;overflow:hidden;padding: 5px 15px 10px 15px;\"><div class=\"fusion-text fusion-text-3\"><h3>12. Juni<\/h3>\n<hr \/>\n<\/div><div class=\"fusion-text fusion-text-4\"><h3>KommuneTV \u00d7 Bridge \u2013 Slik kan din kommune f\u00e5 bedre samspill mellom administrasjon og politisk niv\u00e5<\/h3>\n<h6>Compilo og Aventia Media inviterer kommuner i Norge til et felles webinar om hvordan\u00a0<strong>KommuneTV<\/strong>\u00a0og\u00a0<strong>Bridge<\/strong>\u00a0fungerer sammen, og hva det betyr for din kommune i praksis.<\/h6>\n<h6>Trykk p\u00e5 p\u00e5melding for \u00e5 lese mer.<\/h6>\n<\/div><ul class=\"fusion-checklist fusion-checklist-2\" style=\"font-size:14px;line-height:23.8px;\"><li class=\"fusion-li-item\"><span style=\"background-color:#f43545;font-size:12.32px;height:23.8px;width:23.8px;margin-right:9.8px;\" class=\"icon-wrapper circle-yes\"><i class=\"fusion-li-icon fa-calendar-alt fas\" style=\"color:#ffffff;\" aria-hidden=\"true\"><\/i><\/span><div class=\"fusion-li-item-content\" style=\"margin-left:33.6px;\">\n<p><strong>Fredag 12. Juni 2026 kl. 10:00<\/strong><\/p>\n<\/div><\/li><li class=\"fusion-li-item\"><span style=\"background-color:#f43545;font-size:12.32px;height:23.8px;width:23.8px;margin-right:9.8px;\" class=\"icon-wrapper circle-yes\"><i class=\"fusion-li-icon fa-clock fas\" style=\"color:#ffffff;\" aria-hidden=\"true\"><\/i><\/span><div class=\"fusion-li-item-content\" style=\"margin-left:33.6px;\">\n<p><strong>60min.<\/strong><\/p>\n<\/div><\/li><li class=\"fusion-li-item\"><span style=\"background-color:#f43545;font-size:12.32px;height:23.8px;width:23.8px;margin-right:9.8px;\" class=\"icon-wrapper circle-yes\"><i class=\"fusion-li-icon fa-money-bill fas\" style=\"color:#ffffff;\" aria-hidden=\"true\"><\/i><\/span><div class=\"fusion-li-item-content\" style=\"margin-left:33.6px;\">\n<p><strong>Gratis<\/strong><\/p>\n<\/div><\/li><li class=\"fusion-li-item\"><span style=\"background-color:#f43545;font-size:12.32px;height:23.8px;width:23.8px;margin-right:9.8px;\" class=\"icon-wrapper circle-yes\"><i class=\"fusion-li-icon fa-user fas\" style=\"color:#ffffff;\" aria-hidden=\"true\"><\/i><\/span><div class=\"fusion-li-item-content\" style=\"margin-left:33.6px;\">\n<p><strong>Kursholder: Thomas Bj\u00e4llhag &amp; Kristian Aksnes<\/strong><\/p>\n<\/div><\/li><\/ul><div style=\"text-align:center;\"><style type=\"text\/css\">.fusion-button.button-2 .fusion-button-text, .fusion-button.button-2 i {color:#ffffff;}.fusion-button.button-2 .fusion-button-icon-divider{border-color:#ffffff;}.fusion-button.button-2:hover .fusion-button-text, .fusion-button.button-2:hover i,.fusion-button.button-2:focus .fusion-button-text, .fusion-button.button-2:focus i,.fusion-button.button-2:active .fusion-button-text, .fusion-button.button-2:active{color:#ffffff;}.fusion-button.button-2:hover .fusion-button-icon-divider, .fusion-button.button-2:hover .fusion-button-icon-divider, .fusion-button.button-2:active .fusion-button-icon-divider{border-color:#ffffff;}.fusion-button.button-2:hover, .fusion-button.button-2:focus, .fusion-button.button-2:active{border-color:#ffffff;}.fusion-button.button-2 {border-color:#ffffff;border-radius:15px;}.fusion-button.button-2{background: #ff2a1f;\n\t\t\t\t\t\t\tbackground-image: -webkit-gradient( linear, left bottom, left top, from( #ff1105 ), to( #ff2a1f ) );\n\t\t\t\t\t\t\tbackground-image: -webkit-linear-gradient( bottom, #ff1105, #ff2a1f );\n\t\t\t\t\t\t\tbackground-image:   -moz-linear-gradient( bottom, #ff1105, #ff2a1f );\n\t\t\t\t\t\t\tbackground-image:     -o-linear-gradient( bottom, #ff1105, #ff2a1f );\n\t\t\t\t\t\t\tbackground-image: linear-gradient( to top, #ff1105, #ff2a1f );}.fusion-button.button-2:hover,.button-2:focus,.fusion-button.button-2:active{background: #e01e1a;\n\t\t\t\t\t\t\tbackground-image: -webkit-gradient( linear, left bottom, left top, from( #c62825 ), to( #e01e1a ) );\n\t\t\t\t\t\t\tbackground-image: -webkit-linear-gradient( bottom, #c62825, #e01e1a );\n\t\t\t\t\t\t\tbackground-image:   -moz-linear-gradient( bottom, #c62825, #e01e1a );\n\t\t\t\t\t\t\tbackground-image:     -o-linear-gradient( bottom, #c62825, #e01e1a );\n\t\t\t\t\t\t\tbackground-image: linear-gradient( to top, #c62825, #e01e1a );}<\/style><a class=\"fusion-button button-flat button-large button-custom button-2 fusion-button-span-yes fusion-button-default-type\" target=\"_self\" href=\"https:\/\/events.teams.microsoft.com\/event\/8e255458-9b8c-47a0-899e-73abe6a5b652@c6cb4b95-e867-479d-97a6-b314ebdd3c81\" style=\"margin-top:5%;\"><span class=\"fusion-button-text\">P\u00e5melding<\/span><\/a><\/div><\/div><style type=\"text\/css\">.fusion-body .fusion-builder-column-1{width:50% !important;margin-top : 15px;margin-bottom : 15px;}.fusion-builder-column-1 > .fusion-column-wrapper {padding-top : 5 !important;padding-right : 15 !important;margin-right : 3.84%;padding-bottom : 10 !important;padding-left : 15 !important;margin-left : 3.84%;}@media only screen and (max-width:1024px) {.fusion-body .fusion-builder-column-1{width:100% !important;order : 0;}.fusion-builder-column-1 > .fusion-column-wrapper {margin-right : 1.92%;margin-left : 1.92%;}}@media only screen and (max-width:640px) {.fusion-body .fusion-builder-column-1{width:100% !important;order : 0;}.fusion-builder-column-1 > .fusion-column-wrapper {margin-right : 1.92%;margin-left : 1.92%;}}<\/style><\/div><div class=\"fusion-layout-column fusion_builder_column fusion-builder-column-2 fusion_builder_column_1_2 1_2 fusion-flex-column\"><div class=\"fusion-column-wrapper fusion-flex-justify-content-flex-start fusion-content-layout-column\" style=\"background-position:left top;background-repeat:no-repeat;-webkit-background-size:cover;-moz-background-size:cover;-o-background-size:cover;background-size:cover;padding: 0px 0px 0px 0px;\"><\/div><style type=\"text\/css\">.fusion-body .fusion-builder-column-2{width:50% !important;margin-top : 15px;margin-bottom : 15px;}.fusion-builder-column-2 > .fusion-column-wrapper {padding-top : 0px !important;padding-right : 0px !important;margin-right : 3.84%;padding-bottom : 0px !important;padding-left : 0px !important;margin-left : 3.84%;}@media only screen and (max-width:1024px) {.fusion-body .fusion-builder-column-2{width:100% !important;order : 0;}.fusion-builder-column-2 > .fusion-column-wrapper {margin-right : 1.92%;margin-left : 1.92%;}}@media only screen and (max-width:640px) {.fusion-body .fusion-builder-column-2{width:100% !important;order : 0;}.fusion-builder-column-2 > .fusion-column-wrapper {margin-right : 1.92%;margin-left : 1.92%;}}<\/style><\/div><\/div><style type=\"text\/css\">.fusion-body .fusion-flex-container.fusion-builder-row-1{ padding-top : 0px;margin-top : 0px;padding-right : 0px;padding-bottom : 0px;margin-bottom : 0px;padding-left : 0px;}<\/style><\/div>\n","protected":false},"excerpt":{"rendered":"","protected":false},"author":2,"featured_media":0,"parent":0,"menu_order":0,"comment_status":"closed","ping_status":"closed","template":"","meta":[],"yoast_head":"<!-- This site is optimized with the Yoast SEO plugin v19.5.1 - https:\/\/yoast.com\/wordpress\/plugins\/seo\/ -->\r\n<title>Webinar - KommuneTV | Aventia AS<\/title>\r\n<meta name=\"robots\" content=\"index, follow, max-snippet:-1, max-image-preview:large, max-video-preview:-1\" \/>\r\n<link rel=\"canonical\" href=\"https:\/\/www.aventia.no\/kommunetv\/webinar\/\" \/>\r\n<meta property=\"og:locale\" content=\"nb_NO\" \/>\r\n<meta property=\"og:type\" content=\"article\" \/>\r\n<meta property=\"og:title\" content=\"Webinar - KommuneTV | Aventia AS\" \/>\r\n<meta property=\"og:url\" content=\"https:\/\/www.aventia.no\/kommunetv\/webinar\/\" \/>\r\n<meta property=\"og:site_name\" content=\"KommuneTV | Aventia AS\" \/>\r\n<meta property=\"article:publisher\" content=\"https:\/\/www.facebook.com\/aventiano\" \/>\r\n<meta property=\"article:modified_time\" content=\"2026-04-10T13:08:20+00:00\" \/>\r\n<meta name=\"twitter:card\" content=\"summary_large_image\" \/>\r\n<meta name=\"twitter:label1\" content=\"Ansl. lesetid\" \/>\n\t<meta name=\"twitter:data1\" content=\"5 minutter\" \/>\r\n<script type=\"application\/ld+json\" class=\"yoast-schema-graph\">{\"@context\":\"https:\/\/schema.org\",\"@graph\":[{\"@type\":\"WebPage\",\"@id\":\"https:\/\/www.aventia.no\/kommunetv\/webinar\/\",\"url\":\"https:\/\/www.aventia.no\/kommunetv\/webinar\/\",\"name\":\"Webinar - KommuneTV | Aventia AS\",\"isPartOf\":{\"@id\":\"https:\/\/www.aventia.no\/kommunetv\/#website\"},\"datePublished\":\"2026-04-10T11:48:00+00:00\",\"dateModified\":\"2026-04-10T13:08:20+00:00\",\"breadcrumb\":{\"@id\":\"https:\/\/www.aventia.no\/kommunetv\/webinar\/#breadcrumb\"},\"inLanguage\":\"nb-NO\",\"potentialAction\":[{\"@type\":\"ReadAction\",\"target\":[\"https:\/\/www.aventia.no\/kommunetv\/webinar\/\"]}]},{\"@type\":\"BreadcrumbList\",\"@id\":\"https:\/\/www.aventia.no\/kommunetv\/webinar\/#breadcrumb\",\"itemListElement\":[{\"@type\":\"ListItem\",\"position\":1,\"name\":\"Hjem\",\"item\":\"https:\/\/www.aventia.no\/kommunetv\/\"},{\"@type\":\"ListItem\",\"position\":2,\"name\":\"Webinar\"}]},{\"@type\":\"WebSite\",\"@id\":\"https:\/\/www.aventia.no\/kommunetv\/#website\",\"url\":\"https:\/\/www.aventia.no\/kommunetv\/\",\"name\":\"KommuneTV | Aventia AS\",\"description\":\"KommuneTV\",\"publisher\":{\"@id\":\"https:\/\/www.aventia.no\/kommunetv\/#organization\"},\"potentialAction\":[{\"@type\":\"SearchAction\",\"target\":{\"@type\":\"EntryPoint\",\"urlTemplate\":\"https:\/\/www.aventia.no\/kommunetv\/?s={search_term_string}\"},\"query-input\":\"required name=search_term_string\"}],\"inLanguage\":\"nb-NO\"},{\"@type\":\"Organization\",\"@id\":\"https:\/\/www.aventia.no\/kommunetv\/#organization\",\"name\":\"KommuneTV | Aventia AS\",\"url\":\"https:\/\/www.aventia.no\/kommunetv\/\",\"sameAs\":[\"https:\/\/www.linkedin.com\/company\/aventia-as\",\"https:\/\/www.facebook.com\/aventiano\"],\"logo\":{\"@type\":\"ImageObject\",\"inLanguage\":\"nb-NO\",\"@id\":\"https:\/\/www.aventia.no\/kommunetv\/#\/schema\/logo\/image\/\",\"url\":\"https:\/\/www.aventia.no\/kommunetv\/wp-content\/uploads\/sites\/2\/2022\/05\/aventia-email-logo.png\",\"contentUrl\":\"https:\/\/www.aventia.no\/kommunetv\/wp-content\/uploads\/sites\/2\/2022\/05\/aventia-email-logo.png\",\"width\":90,\"height\":90,\"caption\":\"KommuneTV | Aventia AS\"},\"image\":{\"@id\":\"https:\/\/www.aventia.no\/kommunetv\/#\/schema\/logo\/image\/\"}}]}<\/script>\r\n<!-- \/ Yoast SEO plugin. -->","yoast_head_json":{"title":"Webinar - KommuneTV | Aventia AS","robots":{"index":"index","follow":"follow","max-snippet":"max-snippet:-1","max-image-preview":"max-image-preview:large","max-video-preview":"max-video-preview:-1"},"canonical":"https:\/\/www.aventia.no\/kommunetv\/webinar\/","og_locale":"nb_NO","og_type":"article","og_title":"Webinar - KommuneTV | Aventia AS","og_url":"https:\/\/www.aventia.no\/kommunetv\/webinar\/","og_site_name":"KommuneTV | Aventia AS","article_publisher":"https:\/\/www.facebook.com\/aventiano","article_modified_time":"2026-04-10T13:08:20+00:00","twitter_card":"summary_large_image","twitter_misc":{"Ansl. lesetid":"5 minutter"},"schema":{"@context":"https:\/\/schema.org","@graph":[{"@type":"WebPage","@id":"https:\/\/www.aventia.no\/kommunetv\/webinar\/","url":"https:\/\/www.aventia.no\/kommunetv\/webinar\/","name":"Webinar - KommuneTV | Aventia AS","isPartOf":{"@id":"https:\/\/www.aventia.no\/kommunetv\/#website"},"datePublished":"2026-04-10T11:48:00+00:00","dateModified":"2026-04-10T13:08:20+00:00","breadcrumb":{"@id":"https:\/\/www.aventia.no\/kommunetv\/webinar\/#breadcrumb"},"inLanguage":"nb-NO","potentialAction":[{"@type":"ReadAction","target":["https:\/\/www.aventia.no\/kommunetv\/webinar\/"]}]},{"@type":"BreadcrumbList","@id":"https:\/\/www.aventia.no\/kommunetv\/webinar\/#breadcrumb","itemListElement":[{"@type":"ListItem","position":1,"name":"Hjem","item":"https:\/\/www.aventia.no\/kommunetv\/"},{"@type":"ListItem","position":2,"name":"Webinar"}]},{"@type":"WebSite","@id":"https:\/\/www.aventia.no\/kommunetv\/#website","url":"https:\/\/www.aventia.no\/kommunetv\/","name":"KommuneTV | Aventia AS","description":"KommuneTV","publisher":{"@id":"https:\/\/www.aventia.no\/kommunetv\/#organization"},"potentialAction":[{"@type":"SearchAction","target":{"@type":"EntryPoint","urlTemplate":"https:\/\/www.aventia.no\/kommunetv\/?s={search_term_string}"},"query-input":"required name=search_term_string"}],"inLanguage":"nb-NO"},{"@type":"Organization","@id":"https:\/\/www.aventia.no\/kommunetv\/#organization","name":"KommuneTV | Aventia AS","url":"https:\/\/www.aventia.no\/kommunetv\/","sameAs":["https:\/\/www.linkedin.com\/company\/aventia-as","https:\/\/www.facebook.com\/aventiano"],"logo":{"@type":"ImageObject","inLanguage":"nb-NO","@id":"https:\/\/www.aventia.no\/kommunetv\/#\/schema\/logo\/image\/","url":"https:\/\/www.aventia.no\/kommunetv\/wp-content\/uploads\/sites\/2\/2022\/05\/aventia-email-logo.png","contentUrl":"https:\/\/www.aventia.no\/kommunetv\/wp-content\/uploads\/sites\/2\/2022\/05\/aventia-email-logo.png","width":90,"height":90,"caption":"KommuneTV | Aventia AS"},"image":{"@id":"https:\/\/www.aventia.no\/kommunetv\/#\/schema\/logo\/image\/"}}]}},"_links":{"self":[{"href":"https:\/\/www.aventia.no\/kommunetv\/wp-json\/wp\/v2\/pages\/2337"}],"collection":[{"href":"https:\/\/www.aventia.no\/kommunetv\/wp-json\/wp\/v2\/pages"}],"about":[{"href":"https:\/\/www.aventia.no\/kommunetv\/wp-json\/wp\/v2\/types\/page"}],"author":[{"embeddable":true,"href":"https:\/\/www.aventia.no\/kommunetv\/wp-json\/wp\/v2\/users\/2"}],"replies":[{"embeddable":true,"href":"https:\/\/www.aventia.no\/kommunetv\/wp-json\/wp\/v2\/comments?post=2337"}],"version-history":[{"count":85,"href":"https:\/\/www.aventia.no\/kommunetv\/wp-json\/wp\/v2\/pages\/2337\/revisions"}],"predecessor-version":[{"id":2368,"href":"https:\/\/www.aventia.no\/kommunetv\/wp-json\/wp\/v2\/pages\/2337\/revisions\/2368"}],"wp:attachment":[{"href":"https:\/\/www.aventia.no\/kommunetv\/wp-json\/wp\/v2\/media?parent=2337"}],"curies":[{"name":"wp","href":"https:\/\/api.w.org\/{rel}","templated":true}]}}