{"id":1509,"date":"2023-10-02T10:40:47","date_gmt":"2023-10-02T08:40:47","guid":{"rendered":"https:\/\/www.aventia.no\/kommunetv\/?page_id=1509"},"modified":"2025-07-03T16:04:51","modified_gmt":"2025-07-03T14:04:51","slug":"automatisk-varainnkalling","status":"publish","type":"page","link":"https:\/\/www.aventia.no\/kommunetv\/automatisk-varainnkalling\/","title":{"rendered":"Automatisk varainnkalling"},"content":{"rendered":"<p><div class=\"fusion-fullwidth fullwidth-box fusion-builder-row-1 fusion-flex-container nonhundred-percent-fullwidth non-hundred-percent-height-scrolling\" style=\"background-color: rgba(255,255,255,0);background-position: center center;background-repeat: no-repeat;border-width: 0px 0px 0px 0px;border-color:#eae9e9;border-style:solid;\" ><div class=\"fusion-builder-row fusion-row fusion-flex-align-items-flex-start\" style=\"max-width:1216.8px;margin-left: calc(-4% \/ 2 );margin-right: calc(-4% \/ 2 );\"><div class=\"fusion-layout-column fusion_builder_column fusion-builder-column-0 fusion_builder_column_1_1 1_1 fusion-flex-column fusion-flex-align-self-center\"><div class=\"fusion-column-wrapper fusion-flex-justify-content-center fusion-content-layout-column\" style=\"background-position:left top;background-repeat:no-repeat;-webkit-background-size:cover;-moz-background-size:cover;-o-background-size:cover;background-size:cover;padding: 0px 0px 0px 0px;\"><div class=\"fusion-text fusion-text-1 fusion-text-no-margin\" style=\"color:#d63b30;margin-top:50px;margin-bottom:100px;\"><h1 style=\"color: #d63b30; text-align: center;\"><span class=\"ui-provider ec bcs bct bcu bcv bcw bcx bcy bcz bda bdb bdc bdd bde bdf bdg bdh bdi bdj bdk bdl bdm bdn bdo bdp bdq bdr bds bdt bdu bdv bdw bdx bdy bdz\" dir=\"ltr\"><strong>Automatisk varainnkalling<\/strong> <\/span><\/h1>\n<\/div><\/div><style type=\"text\/css\">.fusion-body .fusion-builder-column-0{width:100% !important;margin-top : 0px;margin-bottom : 0px;}.fusion-builder-column-0 > .fusion-column-wrapper {padding-top : 0px !important;padding-right : 0px !important;margin-right : 0%;padding-bottom : 0px !important;padding-left : 0px !important;margin-left : 0%;}@media only screen and (max-width:1024px) {.fusion-body .fusion-builder-column-0{width:100% !important;order : 0;}.fusion-builder-column-0 > .fusion-column-wrapper {margin-right : 1.92%;margin-left : 1.92%;}}@media only screen and (max-width:640px) {.fusion-body .fusion-builder-column-0{width:100% !important;order : 0;}.fusion-builder-column-0 > .fusion-column-wrapper {margin-right : 1.92%;margin-left : 1.92%;}}<\/style><\/div><\/div><style type=\"text\/css\">.fusion-body .fusion-flex-container.fusion-builder-row-1{ padding-top : 0px;margin-top : 0px;padding-right : 0px;padding-bottom : 0px;margin-bottom : 0px;padding-left : 0px;}<\/style><\/div><div class=\"fusion-fullwidth fullwidth-box fusion-builder-row-2 fusion-flex-container nonhundred-percent-fullwidth non-hundred-percent-height-scrolling\" style=\"background-color: #f5f5f5;background-position: center center;background-repeat: no-repeat;border-width: 0px 0px 0px 0px;border-color:#eae9e9;border-style:solid;\" ><div class=\"fusion-builder-row fusion-row fusion-flex-align-items-flex-start\" style=\"max-width:1216.8px;margin-left: calc(-4% \/ 2 );margin-right: calc(-4% \/ 2 );\"><div class=\"fusion-layout-column fusion_builder_column fusion-builder-column-1 fusion_builder_column_1_1 1_1 fusion-flex-column\"><div class=\"fusion-column-wrapper fusion-flex-justify-content-flex-start fusion-content-layout-column\" style=\"background-position:left top;background-repeat:no-repeat;-webkit-background-size:cover;-moz-background-size:cover;-o-background-size:cover;background-size:cover;padding: 0px 0px 0px 0px;\"><div class=\"fusion-text fusion-text-2\"><p><span class=\"ui-provider ec bcs bct bcu bcv bcw bcx bcy bcz bda bdb bdc bdd bde bdf bdg bdh bdi bdj bdk bdl bdm bdn bdo bdp bdq bdr bds bdt bdu bdv bdw bdx bdy bdz\" dir=\"ltr\">Automatisk varainnkalling fra Aventia s\u00f8rger for at kommunen slipper mye manuell jobb i forbindelse med innkalling av ny vara ved forfall. V\u00e5r l\u00f8sning s\u00f8rger for at riktig vara f\u00e5r en innkalling via SMS og at man fra denne vil kunne melde forfall og eventuelt oppgi en \u00e5rsak. N\u00e5r dette er utf\u00f8rt vil neste vara i rekken automatisk f\u00e5 en innkalling via SMS inntil man har fylt opp plassen. Dette gj\u00f8r at administrasjonen sparer seg for manuell jobb og at man n\u00e5r politikerne raskt og effektivt, og ikke minst at det er enkelt for de \u00e5 gi et svar og oppgi en \u00e5rsak. Kommunen kan selv definere rekkef\u00f8lge og om dette skal f\u00f8lge partiet eller en koalisjon. Erstatteren vil da automatisk f\u00e5 tilgang til det aktuelle m\u00f8tet eller saken og kunne votere p\u00e5 lik linje med de andre som deltar i m\u00f8tet. Dette vil ogs\u00e5 f\u00f8res opp i protokollen. Automatisk varainnkalling fra Aventia effektiviserer arbeidet til administrasjonen og s\u00f8rger for at riktig person m\u00f8ter opp ved forfall.<\/span><\/p>\n<\/div><div class=\"fusion-text fusion-text-3\"><p><span class=\"ui-provider ec bcs bct bcu bcv bcw bcx bcy bcz bda bdb bdc bdd bde bdf bdg bdh bdi bdj bdk bdl bdm bdn bdo bdp bdq bdr bds bdt bdu bdv bdw bdx bdy bdz\" dir=\"ltr\">Som totalkunde hos Aventia er Automatisk Varainnkalling inkludert i l\u00f8sningen og klar til bruk n\u00e5r dere skulle \u00f8nske det.\u00a0<\/span><\/p>\n<\/div><div class=\"md-text-align-center\" style=\"text-align:left;\"><style type=\"text\/css\">.fusion-button.button-1 .fusion-button-text, .fusion-button.button-1 i {color:#ffffff;}.fusion-button.button-1 .fusion-button-icon-divider{border-color:#ffffff;}.fusion-button.button-1:hover .fusion-button-text, .fusion-button.button-1:hover i,.fusion-button.button-1:focus .fusion-button-text, .fusion-button.button-1:focus i,.fusion-button.button-1:active .fusion-button-text, .fusion-button.button-1:active{color:#ffffff;}.fusion-button.button-1:hover .fusion-button-icon-divider, .fusion-button.button-1:hover .fusion-button-icon-divider, .fusion-button.button-1:active .fusion-button-icon-divider{border-color:#ffffff;}.fusion-button.button-1:hover, .fusion-button.button-1:focus, .fusion-button.button-1:active{border-color:#ffffff;}.fusion-button.button-1 {border-color:#ffffff;border-radius:2px;}.fusion-button.button-1{background: #d63b30;}.fusion-button.button-1:hover,.button-1:focus,.fusion-button.button-1:active{background: #474747;}<\/style><a class=\"fusion-button button-flat fusion-button-default-size button-custom button-1 fusion-button-default-span fusion-button-default-type\" target=\"_self\" href=\"https:\/\/www.aventia.no\/kommunetv\/wp-content\/uploads\/sites\/2\/2025\/07\/Produktark_AutomatiskVarainnkalling_2025.pdf\"><span class=\"fusion-button-text\">Last ned produktark<\/span><\/a><\/div><\/div><style type=\"text\/css\">.fusion-body .fusion-builder-column-1{width:100% !important;margin-top : 50px;margin-bottom : 50px;}.fusion-builder-column-1 > .fusion-column-wrapper {padding-top : 0px !important;padding-right : 0px !important;margin-right : 0%;padding-bottom : 0px !important;padding-left : 0px !important;margin-left : 0%;}@media only screen and (max-width:1024px) {.fusion-body .fusion-builder-column-1{width:100% !important;order : 0;}.fusion-builder-column-1 > .fusion-column-wrapper {margin-right : 1.92%;margin-left : 1.92%;}}@media only screen and (max-width:640px) {.fusion-body .fusion-builder-column-1{width:100% !important;order : 0;}.fusion-builder-column-1 > .fusion-column-wrapper {margin-right : 1.92%;margin-left : 1.92%;}}<\/style><\/div><\/div><style type=\"text\/css\">.fusion-body .fusion-flex-container.fusion-builder-row-2{ padding-top : 0px;margin-top : 0px;padding-right : 0px;padding-bottom : 0px;margin-bottom : 0px;padding-left : 0px;}<\/style><\/div><div class=\"fusion-fullwidth fullwidth-box fusion-builder-row-3 fusion-flex-container nonhundred-percent-fullwidth non-hundred-percent-height-scrolling\" style=\"background-color: rgba(255,255,255,0);background-position: center center;background-repeat: no-repeat;border-width: 0px 0px 0px 0px;border-color:#eae9e9;border-style:solid;\" ><div class=\"fusion-builder-row fusion-row fusion-flex-align-items-flex-start\" style=\"max-width:1216.8px;margin-left: calc(-4% \/ 2 );margin-right: calc(-4% \/ 2 );\"><div class=\"fusion-layout-column fusion_builder_column fusion-builder-column-2 fusion_builder_column_1_1 1_1 fusion-flex-column\"><div class=\"fusion-column-wrapper fusion-flex-justify-content-flex-start fusion-content-layout-column\" style=\"background-position:left top;background-repeat:no-repeat;-webkit-background-size:cover;-moz-background-size:cover;-o-background-size:cover;background-size:cover;padding: 0px 0px 0px 0px;\"><div class=\"fusion-text fusion-text-4\"><h2 class=\"fusion-responsive-typography-calculated\" style=\"--fontsize: 40; line-height: 1.2; text-align: left;\" data-fontsize=\"40\" data-lineheight=\"48px\"><span class=\"ui-provider ec bcs bct bcu bcv bcw bcx bcy bcz bda bdb bdc bdd bde bdf bdg bdh bdi bdj bdk bdl bdm bdn bdo bdp bdq bdr bds bdt bdu bdv bdw bdx bdy bdz\" dir=\"ltr\">Hvorfor velge automatisk varainnkalling fra Aventia?<\/span><\/h2>\n<\/div><div class=\"fusion-text fusion-text-5\"><ul>\n<li>Enkelt og oversiktlig<\/li>\n<li>Effektiviserende for administrasjonen og politikere<\/li>\n<li>Automatiserer varainnkallingen p\u00e5 SMS<\/li>\n<li>Alt f\u00f8res i protokoll<\/li>\n<li>St\u00f8tter koalisjoner<\/li>\n<li>Sikrer gode rutiner og at rett person blir kalt inn<\/li>\n<li>Vara f\u00e5r automatisk fulle rettigheter i m\u00f8tet\/saken de er vara i<\/li>\n<\/ul>\n<\/div><\/div><style type=\"text\/css\">.fusion-body .fusion-builder-column-2{width:100% !important;margin-top : 0px;margin-bottom : 30px;}.fusion-builder-column-2 > .fusion-column-wrapper {padding-top : 0px !important;padding-right : 0px !important;margin-right : 0%;padding-bottom : 0px !important;padding-left : 0px !important;margin-left : 0%;}@media only screen and (max-width:1024px) {.fusion-body .fusion-builder-column-2{width:100% !important;order : 0;}.fusion-builder-column-2 > .fusion-column-wrapper {margin-right : 1.92%;margin-left : 1.92%;}}@media only screen and (max-width:640px) {.fusion-body .fusion-builder-column-2{width:100% !important;order : 0;}.fusion-builder-column-2 > .fusion-column-wrapper {margin-right : 1.92%;margin-left : 1.92%;}}<\/style><\/div><\/div><style type=\"text\/css\">.fusion-body .fusion-flex-container.fusion-builder-row-3{ padding-top : 0px;margin-top : 50px;padding-right : 0px;padding-bottom : 0px;margin-bottom : 0px;padding-left : 0px;}<\/style><\/div><div class=\"fusion-fullwidth fullwidth-box fusion-builder-row-4 fusion-flex-container nonhundred-percent-fullwidth non-hundred-percent-height-scrolling\" style=\"background-color: #f5f5f5;background-position: center center;background-repeat: no-repeat;border-width: 0px 0px 0px 0px;border-color:#eae9e9;border-style:solid;\" ><div class=\"fusion-builder-row fusion-row fusion-flex-align-items-flex-start\" style=\"max-width:1216.8px;margin-left: calc(-4% \/ 2 );margin-right: calc(-4% \/ 2 );\"><div class=\"fusion-layout-column fusion_builder_column fusion-builder-column-3 fusion_builder_column_1_2 1_2 fusion-flex-column fusion-flex-align-self-center\"><div class=\"fusion-column-wrapper fusion-flex-justify-content-flex-start fusion-content-layout-column\" style=\"background-position:left top;background-repeat:no-repeat;-webkit-background-size:cover;-moz-background-size:cover;-o-background-size:cover;background-size:cover;padding: 0px 0px 0px 0px;\"><div class=\"fusion-text fusion-text-6 fusion-text-no-margin\" style=\"margin-bottom:30px;\"><p>\u00d8nsker du \u00e5 vite mer om Automatisk varainnkalling? Ta kontakt med oss for en hyggelig samtale!<\/p>\n<\/div><div style=\"text-align:left;\"><style type=\"text\/css\">.fusion-button.button-2 .fusion-button-text, .fusion-button.button-2 i {color:#ffffff;}.fusion-button.button-2 .fusion-button-icon-divider{border-color:#ffffff;}.fusion-button.button-2:hover .fusion-button-text, .fusion-button.button-2:hover i,.fusion-button.button-2:focus .fusion-button-text, .fusion-button.button-2:focus i,.fusion-button.button-2:active .fusion-button-text, .fusion-button.button-2:active{color:#ffffff;}.fusion-button.button-2:hover .fusion-button-icon-divider, .fusion-button.button-2:hover .fusion-button-icon-divider, .fusion-button.button-2:active .fusion-button-icon-divider{border-color:#ffffff;}.fusion-button.button-2:hover, .fusion-button.button-2:focus, .fusion-button.button-2:active{border-color:#ffffff;}.fusion-button.button-2 {border-color:#ffffff;border-radius:2px;}.fusion-button.button-2{background: #d63b30;}.fusion-button.button-2:hover,.button-2:focus,.fusion-button.button-2:active{background: #474747;}<\/style><a class=\"fusion-button button-flat fusion-button-default-size button-custom button-2 fusion-button-default-span fusion-button-default-type\" target=\"_self\" href=\"https:\/\/www.aventia.no\/kommunetv\/kontakt-oss\/\"><span class=\"fusion-button-text\">Ta kontakt med oss<\/span><\/a><\/div>\n<\/div><style type=\"text\/css\">.fusion-body .fusion-builder-column-3{width:50% !important;margin-top : 0px;margin-bottom : 0px;}.fusion-builder-column-3 > .fusion-column-wrapper {padding-top : 0px !important;padding-right : 0px !important;margin-right : 0%;padding-bottom : 0px !important;padding-left : 0px !important;margin-left : 0%;}@media only screen and (max-width:1024px) {.fusion-body .fusion-builder-column-3{width:100% !important;order : 0;}.fusion-builder-column-3 > .fusion-column-wrapper {margin-right : 1.92%;margin-left : 1.92%;}}@media only screen and (max-width:640px) {.fusion-body .fusion-builder-column-3{width:100% !important;order : 0;}.fusion-builder-column-3 > .fusion-column-wrapper {margin-right : 1.92%;margin-left : 1.92%;}}<\/style><\/div><div class=\"fusion-layout-column fusion_builder_column fusion-builder-column-4 fusion_builder_column_1_2 1_2 fusion-flex-column\"><div class=\"fusion-column-wrapper fusion-flex-justify-content-flex-start fusion-content-layout-column\" style=\"background-position:left top;background-repeat:no-repeat;-webkit-background-size:cover;-moz-background-size:cover;-o-background-size:cover;background-size:cover;padding: 0px 0px 0px 0px;\"><div ><span class=\" fusion-imageframe imageframe-none imageframe-1 hover-type-none\"><img decoding=\"async\" width=\"1080\" height=\"1080\" title=\"Kontakt oss\" src=\"https:\/\/www.aventia.no\/kommunetv\/wp-content\/uploads\/sites\/2\/2023\/09\/Header-tlf-3-1080x1080.png\" class=\"img-responsive wp-image-1295\" srcset=\"https:\/\/www.aventia.no\/kommunetv\/wp-content\/uploads\/sites\/2\/2023\/09\/Header-tlf-3-200x200.png 200w, https:\/\/www.aventia.no\/kommunetv\/wp-content\/uploads\/sites\/2\/2023\/09\/Header-tlf-3-400x400.png 400w, https:\/\/www.aventia.no\/kommunetv\/wp-content\/uploads\/sites\/2\/2023\/09\/Header-tlf-3-600x600.png 600w, https:\/\/www.aventia.no\/kommunetv\/wp-content\/uploads\/sites\/2\/2023\/09\/Header-tlf-3-800x800.png 800w, https:\/\/www.aventia.no\/kommunetv\/wp-content\/uploads\/sites\/2\/2023\/09\/Header-tlf-3-1200x1200.png 1200w\" sizes=\"(max-width: 1024px) 100vw, (max-width: 640px) 100vw, 600px\" \/><\/span><\/div><\/div><style type=\"text\/css\">.fusion-body .fusion-builder-column-4{width:50% !important;margin-top : 15px;margin-bottom : 15px;}.fusion-builder-column-4 > .fusion-column-wrapper {padding-top : 0px !important;padding-right : 0px !important;margin-right : 9.6%;padding-bottom : 0px !important;padding-left : 0px !important;margin-left : 3.84%;}@media only screen and (max-width:1024px) {.fusion-body .fusion-builder-column-4{width:100% !important;order : 0;}.fusion-builder-column-4 > .fusion-column-wrapper {margin-right : 1.92%;margin-left : 1.92%;}}@media only screen and (max-width:640px) {.fusion-body .fusion-builder-column-4{width:100% !important;order : 0;}.fusion-builder-column-4 > .fusion-column-wrapper {margin-right : 1.92%;margin-left : 1.92%;}}<\/style><\/div><\/div><style type=\"text\/css\">.fusion-body .fusion-flex-container.fusion-builder-row-4{ padding-top : 50px;margin-top : 0px;padding-right : 0px;padding-bottom : 50px;margin-bottom : 0px;padding-left : 0px;}<\/style><\/div><\/p>\n","protected":false},"excerpt":{"rendered":"","protected":false},"author":7,"featured_media":0,"parent":0,"menu_order":0,"comment_status":"closed","ping_status":"closed","template":"100-width.php","meta":[],"yoast_head":"<!-- This site is optimized with the Yoast SEO plugin v19.5.1 - https:\/\/yoast.com\/wordpress\/plugins\/seo\/ -->\r\n<title>Automatisk varainnkalling - KommuneTV | Aventia AS<\/title>\r\n<meta name=\"robots\" content=\"index, follow, max-snippet:-1, max-image-preview:large, max-video-preview:-1\" \/>\r\n<link rel=\"canonical\" href=\"https:\/\/www.aventia.no\/kommunetv\/automatisk-varainnkalling\/\" \/>\r\n<meta property=\"og:locale\" content=\"nb_NO\" \/>\r\n<meta property=\"og:type\" content=\"article\" \/>\r\n<meta property=\"og:title\" content=\"Automatisk varainnkalling - KommuneTV | Aventia AS\" \/>\r\n<meta property=\"og:url\" content=\"https:\/\/www.aventia.no\/kommunetv\/automatisk-varainnkalling\/\" \/>\r\n<meta property=\"og:site_name\" content=\"KommuneTV | Aventia AS\" \/>\r\n<meta property=\"article:publisher\" content=\"https:\/\/www.facebook.com\/aventiano\" \/>\r\n<meta property=\"article:modified_time\" content=\"2025-07-03T14:04:51+00:00\" \/>\r\n<meta name=\"twitter:card\" content=\"summary_large_image\" \/>\r\n<meta name=\"twitter:label1\" content=\"Ansl. lesetid\" \/>\n\t<meta name=\"twitter:data1\" content=\"7 minutter\" \/>\r\n<script type=\"application\/ld+json\" class=\"yoast-schema-graph\">{\"@context\":\"https:\/\/schema.org\",\"@graph\":[{\"@type\":\"WebPage\",\"@id\":\"https:\/\/www.aventia.no\/kommunetv\/automatisk-varainnkalling\/\",\"url\":\"https:\/\/www.aventia.no\/kommunetv\/automatisk-varainnkalling\/\",\"name\":\"Automatisk varainnkalling - KommuneTV | Aventia AS\",\"isPartOf\":{\"@id\":\"https:\/\/www.aventia.no\/kommunetv\/#website\"},\"datePublished\":\"2023-10-02T08:40:47+00:00\",\"dateModified\":\"2025-07-03T14:04:51+00:00\",\"breadcrumb\":{\"@id\":\"https:\/\/www.aventia.no\/kommunetv\/automatisk-varainnkalling\/#breadcrumb\"},\"inLanguage\":\"nb-NO\",\"potentialAction\":[{\"@type\":\"ReadAction\",\"target\":[\"https:\/\/www.aventia.no\/kommunetv\/automatisk-varainnkalling\/\"]}]},{\"@type\":\"BreadcrumbList\",\"@id\":\"https:\/\/www.aventia.no\/kommunetv\/automatisk-varainnkalling\/#breadcrumb\",\"itemListElement\":[{\"@type\":\"ListItem\",\"position\":1,\"name\":\"Hjem\",\"item\":\"https:\/\/www.aventia.no\/kommunetv\/\"},{\"@type\":\"ListItem\",\"position\":2,\"name\":\"Automatisk varainnkalling\"}]},{\"@type\":\"WebSite\",\"@id\":\"https:\/\/www.aventia.no\/kommunetv\/#website\",\"url\":\"https:\/\/www.aventia.no\/kommunetv\/\",\"name\":\"KommuneTV | Aventia AS\",\"description\":\"KommuneTV\",\"publisher\":{\"@id\":\"https:\/\/www.aventia.no\/kommunetv\/#organization\"},\"potentialAction\":[{\"@type\":\"SearchAction\",\"target\":{\"@type\":\"EntryPoint\",\"urlTemplate\":\"https:\/\/www.aventia.no\/kommunetv\/?s={search_term_string}\"},\"query-input\":\"required name=search_term_string\"}],\"inLanguage\":\"nb-NO\"},{\"@type\":\"Organization\",\"@id\":\"https:\/\/www.aventia.no\/kommunetv\/#organization\",\"name\":\"KommuneTV | Aventia AS\",\"url\":\"https:\/\/www.aventia.no\/kommunetv\/\",\"sameAs\":[\"https:\/\/www.linkedin.com\/company\/aventia-as\",\"https:\/\/www.facebook.com\/aventiano\"],\"logo\":{\"@type\":\"ImageObject\",\"inLanguage\":\"nb-NO\",\"@id\":\"https:\/\/www.aventia.no\/kommunetv\/#\/schema\/logo\/image\/\",\"url\":\"https:\/\/www.aventia.no\/kommunetv\/wp-content\/uploads\/sites\/2\/2022\/05\/aventia-email-logo.png\",\"contentUrl\":\"https:\/\/www.aventia.no\/kommunetv\/wp-content\/uploads\/sites\/2\/2022\/05\/aventia-email-logo.png\",\"width\":90,\"height\":90,\"caption\":\"KommuneTV | Aventia AS\"},\"image\":{\"@id\":\"https:\/\/www.aventia.no\/kommunetv\/#\/schema\/logo\/image\/\"}}]}<\/script>\r\n<!-- \/ Yoast SEO plugin. -->","yoast_head_json":{"title":"Automatisk varainnkalling - KommuneTV | Aventia AS","robots":{"index":"index","follow":"follow","max-snippet":"max-snippet:-1","max-image-preview":"max-image-preview:large","max-video-preview":"max-video-preview:-1"},"canonical":"https:\/\/www.aventia.no\/kommunetv\/automatisk-varainnkalling\/","og_locale":"nb_NO","og_type":"article","og_title":"Automatisk varainnkalling - KommuneTV | Aventia AS","og_url":"https:\/\/www.aventia.no\/kommunetv\/automatisk-varainnkalling\/","og_site_name":"KommuneTV | Aventia AS","article_publisher":"https:\/\/www.facebook.com\/aventiano","article_modified_time":"2025-07-03T14:04:51+00:00","twitter_card":"summary_large_image","twitter_misc":{"Ansl. lesetid":"7 minutter"},"schema":{"@context":"https:\/\/schema.org","@graph":[{"@type":"WebPage","@id":"https:\/\/www.aventia.no\/kommunetv\/automatisk-varainnkalling\/","url":"https:\/\/www.aventia.no\/kommunetv\/automatisk-varainnkalling\/","name":"Automatisk varainnkalling - KommuneTV | Aventia AS","isPartOf":{"@id":"https:\/\/www.aventia.no\/kommunetv\/#website"},"datePublished":"2023-10-02T08:40:47+00:00","dateModified":"2025-07-03T14:04:51+00:00","breadcrumb":{"@id":"https:\/\/www.aventia.no\/kommunetv\/automatisk-varainnkalling\/#breadcrumb"},"inLanguage":"nb-NO","potentialAction":[{"@type":"ReadAction","target":["https:\/\/www.aventia.no\/kommunetv\/automatisk-varainnkalling\/"]}]},{"@type":"BreadcrumbList","@id":"https:\/\/www.aventia.no\/kommunetv\/automatisk-varainnkalling\/#breadcrumb","itemListElement":[{"@type":"ListItem","position":1,"name":"Hjem","item":"https:\/\/www.aventia.no\/kommunetv\/"},{"@type":"ListItem","position":2,"name":"Automatisk varainnkalling"}]},{"@type":"WebSite","@id":"https:\/\/www.aventia.no\/kommunetv\/#website","url":"https:\/\/www.aventia.no\/kommunetv\/","name":"KommuneTV | Aventia AS","description":"KommuneTV","publisher":{"@id":"https:\/\/www.aventia.no\/kommunetv\/#organization"},"potentialAction":[{"@type":"SearchAction","target":{"@type":"EntryPoint","urlTemplate":"https:\/\/www.aventia.no\/kommunetv\/?s={search_term_string}"},"query-input":"required name=search_term_string"}],"inLanguage":"nb-NO"},{"@type":"Organization","@id":"https:\/\/www.aventia.no\/kommunetv\/#organization","name":"KommuneTV | Aventia AS","url":"https:\/\/www.aventia.no\/kommunetv\/","sameAs":["https:\/\/www.linkedin.com\/company\/aventia-as","https:\/\/www.facebook.com\/aventiano"],"logo":{"@type":"ImageObject","inLanguage":"nb-NO","@id":"https:\/\/www.aventia.no\/kommunetv\/#\/schema\/logo\/image\/","url":"https:\/\/www.aventia.no\/kommunetv\/wp-content\/uploads\/sites\/2\/2022\/05\/aventia-email-logo.png","contentUrl":"https:\/\/www.aventia.no\/kommunetv\/wp-content\/uploads\/sites\/2\/2022\/05\/aventia-email-logo.png","width":90,"height":90,"caption":"KommuneTV | Aventia AS"},"image":{"@id":"https:\/\/www.aventia.no\/kommunetv\/#\/schema\/logo\/image\/"}}]}},"_links":{"self":[{"href":"https:\/\/www.aventia.no\/kommunetv\/wp-json\/wp\/v2\/pages\/1509"}],"collection":[{"href":"https:\/\/www.aventia.no\/kommunetv\/wp-json\/wp\/v2\/pages"}],"about":[{"href":"https:\/\/www.aventia.no\/kommunetv\/wp-json\/wp\/v2\/types\/page"}],"author":[{"embeddable":true,"href":"https:\/\/www.aventia.no\/kommunetv\/wp-json\/wp\/v2\/users\/7"}],"replies":[{"embeddable":true,"href":"https:\/\/www.aventia.no\/kommunetv\/wp-json\/wp\/v2\/comments?post=1509"}],"version-history":[{"count":6,"href":"https:\/\/www.aventia.no\/kommunetv\/wp-json\/wp\/v2\/pages\/1509\/revisions"}],"predecessor-version":[{"id":2185,"href":"https:\/\/www.aventia.no\/kommunetv\/wp-json\/wp\/v2\/pages\/1509\/revisions\/2185"}],"wp:attachment":[{"href":"https:\/\/www.aventia.no\/kommunetv\/wp-json\/wp\/v2\/media?parent=1509"}],"curies":[{"name":"wp","href":"https:\/\/api.w.org\/{rel}","templated":true}]}}