{"id":1224,"date":"2023-09-07T12:51:24","date_gmt":"2023-09-07T10:51:24","guid":{"rendered":"https:\/\/www.aventia.no\/kommunetv\/?page_id=1224"},"modified":"2025-06-19T11:36:54","modified_gmt":"2025-06-19T09:36:54","slug":"digital-avstemning","status":"publish","type":"page","link":"https:\/\/www.aventia.no\/kommunetv\/digital-avstemning\/","title":{"rendered":"Digital avstemning"},"content":{"rendered":"<p><div class=\"fusion-fullwidth fullwidth-box fusion-builder-row-1 fusion-flex-container nonhundred-percent-fullwidth non-hundred-percent-height-scrolling\" style=\"background-color: rgba(255,255,255,0);background-position: center center;background-repeat: no-repeat;border-width: 0px 0px 0px 0px;border-color:#eae9e9;border-style:solid;\" ><div class=\"fusion-builder-row fusion-row fusion-flex-align-items-flex-start\" style=\"max-width:1216.8px;margin-left: calc(-4% \/ 2 );margin-right: calc(-4% \/ 2 );\"><div class=\"fusion-layout-column fusion_builder_column fusion-builder-column-0 fusion_builder_column_1_3 1_3 fusion-flex-column fusion-flex-align-self-center\"><div class=\"fusion-column-wrapper fusion-flex-justify-content-center fusion-content-layout-column\" style=\"background-position:left top;background-repeat:no-repeat;-webkit-background-size:cover;-moz-background-size:cover;-o-background-size:cover;background-size:cover;padding: 0px 0px 0px 0px;\"><div class=\"fusion-text fusion-text-1\" style=\"color:#d63b30;\"><h1 style=\"color: #d63b30; text-align: center;\">Digital Avstemning<\/h1>\n<\/div><\/div><style type=\"text\/css\">.fusion-body .fusion-builder-column-0{width:33.333333333333% !important;margin-top : 0px;margin-bottom : 0px;}.fusion-builder-column-0 > .fusion-column-wrapper {padding-top : 0px !important;padding-right : 0px !important;margin-right : 14.4%;padding-bottom : 0px !important;padding-left : 0px !important;margin-left : 0%;}@media only screen and (max-width:1024px) {.fusion-body .fusion-builder-column-0{width:100% !important;order : 0;}.fusion-builder-column-0 > .fusion-column-wrapper {margin-right : 1.92%;margin-left : 1.92%;}}@media only screen and (max-width:640px) {.fusion-body .fusion-builder-column-0{width:100% !important;order : 0;margin-top : 20px;margin-bottom : 20px;}.fusion-builder-column-0 > .fusion-column-wrapper {margin-right : 1.92%;margin-left : 1.92%;}}<\/style><\/div><div class=\"fusion-layout-column fusion_builder_column fusion-builder-column-1 fusion_builder_column_2_3 2_3 fusion-flex-column\"><div class=\"fusion-column-wrapper fusion-flex-justify-content-flex-start fusion-content-layout-column\" style=\"background-position:left top;background-repeat:no-repeat;-webkit-background-size:cover;-moz-background-size:cover;-o-background-size:cover;background-size:cover;padding: 0px 0px 0px 0px;\"><div ><span class=\" fusion-imageframe imageframe-none imageframe-1 hover-type-none\" style=\"margin-bottom:0px;\"><img decoding=\"async\" width=\"1409\" height=\"565\" title=\"Digital avstemning\" src=\"https:\/\/www.aventia.no\/kommunetv\/wp-content\/uploads\/sites\/2\/2023\/10\/Hele-motegjennomforingen-i-en-losning.png\" class=\"img-responsive wp-image-1542\" srcset=\"https:\/\/www.aventia.no\/kommunetv\/wp-content\/uploads\/sites\/2\/2023\/10\/Hele-motegjennomforingen-i-en-losning-200x80.png 200w, https:\/\/www.aventia.no\/kommunetv\/wp-content\/uploads\/sites\/2\/2023\/10\/Hele-motegjennomforingen-i-en-losning-400x160.png 400w, https:\/\/www.aventia.no\/kommunetv\/wp-content\/uploads\/sites\/2\/2023\/10\/Hele-motegjennomforingen-i-en-losning-600x241.png 600w, https:\/\/www.aventia.no\/kommunetv\/wp-content\/uploads\/sites\/2\/2023\/10\/Hele-motegjennomforingen-i-en-losning-800x321.png 800w, https:\/\/www.aventia.no\/kommunetv\/wp-content\/uploads\/sites\/2\/2023\/10\/Hele-motegjennomforingen-i-en-losning-1200x481.png 1200w, https:\/\/www.aventia.no\/kommunetv\/wp-content\/uploads\/sites\/2\/2023\/10\/Hele-motegjennomforingen-i-en-losning.png 1409w\" sizes=\"(max-width: 1024px) 100vw, (max-width: 640px) 100vw, 800px\" \/><\/span><\/div><\/div><style type=\"text\/css\">.fusion-body .fusion-builder-column-1{width:66.666666666667% !important;margin-top : 0px;margin-bottom : 0px;}.fusion-builder-column-1 > .fusion-column-wrapper {padding-top : 0px !important;padding-right : 0px !important;margin-right : 0%;padding-bottom : 0px !important;padding-left : 0px !important;margin-left : 0%;}@media only screen and (max-width:1024px) {.fusion-body .fusion-builder-column-1{width:100% !important;}.fusion-builder-column-1 > .fusion-column-wrapper {margin-right : 1.92%;margin-left : 1.92%;}}@media only screen and (max-width:640px) {.fusion-body .fusion-builder-column-1{width:100% !important;}.fusion-builder-column-1 > .fusion-column-wrapper {margin-right : 1.92%;margin-left : 1.92%;}}<\/style><\/div><\/div><style type=\"text\/css\">.fusion-body .fusion-flex-container.fusion-builder-row-1{ padding-top : 0px;margin-top : 0px;padding-right : 0px;padding-bottom : 0px;margin-bottom : 50px;padding-left : 0px;}<\/style><\/div><div class=\"fusion-fullwidth fullwidth-box fusion-builder-row-2 fusion-flex-container nonhundred-percent-fullwidth non-hundred-percent-height-scrolling\" style=\"background-color: #f5f5f5;background-position: center center;background-repeat: no-repeat;border-width: 0px 0px 0px 0px;border-color:#eae9e9;border-style:solid;\" ><div class=\"fusion-builder-row fusion-row fusion-flex-align-items-flex-start\" style=\"max-width:1216.8px;margin-left: calc(-4% \/ 2 );margin-right: calc(-4% \/ 2 );\"><div class=\"fusion-layout-column fusion_builder_column fusion-builder-column-2 fusion_builder_column_1_1 1_1 fusion-flex-column\"><div class=\"fusion-column-wrapper fusion-flex-justify-content-flex-start fusion-content-layout-column\" style=\"background-position:left top;background-repeat:no-repeat;-webkit-background-size:cover;-moz-background-size:cover;-o-background-size:cover;background-size:cover;padding: 0px 0px 0px 0px;\"><div class=\"fusion-text fusion-text-2\"><p>Digital avstemning er en l\u00f8sning som effektiviserer politiske m\u00f8ter og fremmer politisk \u00e5penhet. L\u00f8sningen fungerer godt til \u00e5 gjennomf\u00f8re selve m\u00f8teh\u00e5ndteringen i form av forslag, delforslag, talerliste, og ikke minst selve avstemmingen. Man vil da f\u00e5 resultater av avstemmingen per representant og parti.<\/p>\n<p>Representantene kan enkelt stemme for eller imot forslag p\u00e5 smart-telefon, Ipad eller PC. Stemmene blir telt opp i sanntid, vist ut p\u00e5 en storskjerm i salen, med en egen presentasjon ut til seerne p\u00e5 KommuneTV. Med integrasjon mot sak-\/arkiv vil m\u00f8tene bli automatisk opprettet og saker med saksdokumentasjon vil automatisk hentes inn.<\/p>\n<\/div><\/div><style type=\"text\/css\">.fusion-body .fusion-builder-column-2{width:100% !important;margin-top : 50px;margin-bottom : 50px;}.fusion-builder-column-2 > .fusion-column-wrapper {padding-top : 0px !important;padding-right : 0px !important;margin-right : 1.92%;padding-bottom : 0px !important;padding-left : 0px !important;margin-left : 1.92%;}@media only screen and (max-width:1024px) {.fusion-body .fusion-builder-column-2{width:100% !important;order : 0;}.fusion-builder-column-2 > .fusion-column-wrapper {margin-right : 1.92%;margin-left : 1.92%;}}@media only screen and (max-width:640px) {.fusion-body .fusion-builder-column-2{width:100% !important;order : 0;}.fusion-builder-column-2 > .fusion-column-wrapper {margin-right : 1.92%;margin-left : 1.92%;}}<\/style><\/div><\/div><style type=\"text\/css\">.fusion-body .fusion-flex-container.fusion-builder-row-2{ padding-top : 0px;margin-top : 0px;padding-right : 0px;padding-bottom : 0px;margin-bottom : 0px;padding-left : 0px;}<\/style><\/div><div class=\"fusion-fullwidth fullwidth-box fusion-builder-row-3 fusion-flex-container nonhundred-percent-fullwidth non-hundred-percent-height-scrolling\" style=\"background-color: rgba(255,255,255,0);background-position: center center;background-repeat: no-repeat;border-width: 0px 0px 0px 0px;border-color:#eae9e9;border-style:solid;\" ><div class=\"fusion-builder-row fusion-row fusion-flex-align-items-flex-start\" style=\"max-width:1216.8px;margin-left: calc(-4% \/ 2 );margin-right: calc(-4% \/ 2 );\"><div class=\"fusion-layout-column fusion_builder_column fusion-builder-column-3 fusion_builder_column_1_2 1_2 fusion-flex-column\"><div class=\"fusion-column-wrapper fusion-flex-justify-content-flex-start fusion-content-layout-column\" style=\"background-position:left top;background-repeat:no-repeat;-webkit-background-size:cover;-moz-background-size:cover;-o-background-size:cover;background-size:cover;padding: 0px 0px 0px 0px;\"><div class=\"fusion-text fusion-text-3\"><h2>Hvorfor velge Aventia Digital Avstemning?<\/h2>\n<\/div><div class=\"fusion-text fusion-text-4\"><ul>\n<li>Effektiviserer m\u00f8teprosessen.<\/li>\n<li>\u00d8ker graden av \u00e5penhet og engasjement i politiske beslutninger.<\/li>\n<li>Forenkler administrasjonen av m\u00f8ter og dokumentasjon.<\/li>\n<li>Gir representanter og seere en enklere og mer tilgjengelig m\u00e5te \u00e5 delta p\u00e5.<\/li>\n<\/ul>\n<\/div><div class=\"fusion-text fusion-text-5\" style=\"margin-top:20px;\"><p>Last ned produktark for \u00e5 lese mer.<\/p>\n<\/div><div class=\"md-text-align-center\" style=\"text-align:left;\"><style type=\"text\/css\">.fusion-button.button-1 .fusion-button-text, .fusion-button.button-1 i {color:#ffffff;}.fusion-button.button-1 .fusion-button-icon-divider{border-color:#ffffff;}.fusion-button.button-1:hover .fusion-button-text, .fusion-button.button-1:hover i,.fusion-button.button-1:focus .fusion-button-text, .fusion-button.button-1:focus i,.fusion-button.button-1:active .fusion-button-text, .fusion-button.button-1:active{color:#ffffff;}.fusion-button.button-1:hover .fusion-button-icon-divider, .fusion-button.button-1:hover .fusion-button-icon-divider, .fusion-button.button-1:active .fusion-button-icon-divider{border-color:#ffffff;}.fusion-button.button-1:hover, .fusion-button.button-1:focus, .fusion-button.button-1:active{border-color:#ffffff;}.fusion-button.button-1 {border-color:#ffffff;border-radius:2px;}.fusion-button.button-1{background: #d63b30;}.fusion-button.button-1:hover,.button-1:focus,.fusion-button.button-1:active{background: #474747;}<\/style><a class=\"fusion-button button-flat fusion-button-default-size button-custom button-1 fusion-button-default-span fusion-button-default-type\" target=\"_self\" href=\"https:\/\/www.aventia.no\/kommunetv\/wp-content\/uploads\/sites\/2\/2025\/06\/Produktark_ADA_2025.pdf\"><span class=\"fusion-button-text\">Last ned produktark<\/span><\/a><\/div>\n<\/div><style type=\"text\/css\">.fusion-body .fusion-builder-column-3{width:50% !important;margin-top : 15px;margin-bottom : 15px;}.fusion-builder-column-3 > .fusion-column-wrapper {padding-top : 0px !important;padding-right : 0px !important;margin-right : 3.84%;padding-bottom : 0px !important;padding-left : 0px !important;margin-left : 3.84%;}@media only screen and (max-width:1024px) {.fusion-body .fusion-builder-column-3{width:100% !important;order : 0;}.fusion-builder-column-3 > .fusion-column-wrapper {margin-right : 1.92%;margin-left : 1.92%;}}@media only screen and (max-width:640px) {.fusion-body .fusion-builder-column-3{width:100% !important;order : 0;}.fusion-builder-column-3 > .fusion-column-wrapper {margin-right : 1.92%;margin-left : 1.92%;}}<\/style><\/div><div class=\"fusion-layout-column fusion_builder_column fusion-builder-column-4 fusion_builder_column_1_2 1_2 fusion-flex-column\"><div class=\"fusion-column-wrapper fusion-flex-justify-content-flex-start fusion-content-layout-column\" style=\"background-position:left top;background-repeat:no-repeat;-webkit-background-size:cover;-moz-background-size:cover;-o-background-size:cover;background-size:cover;padding: 0px 0px 0px 0px;\"><style>.aovp-2fdbd4fb {position:relative;padding-bottom:56.25%;padding-top:35px;height:0;overflow:hidden;max-width: 100%;-webkit-overflow-scrolling: touch;overflow - y: scroll;}.aovp-2fdbd4fb iframe, .aovp-2fdbd4fb object, .aovp-2fdbd4fb embed {position:absolute;top:0;left:0;width:100%;height:100%;}<\/style>\n<div class=\"aovp-2fdbd4fb\">\n<iframe title=\"Digital avstemning\" frameborder=\"0\" allowtransparency=\"true\" scrolling=\"no\" style=\"border:0;\" allowfullscreen src=\"https:\/\/play.aventia.no:443\/embed\/archive\/136?guid=9f5b3fd2-4d92-4625-a390-44f62158a404\">\n<\/iframe>\n<\/div><\/div><style type=\"text\/css\">.fusion-body .fusion-builder-column-4{width:50% !important;margin-top : 50px;margin-bottom : 15px;}.fusion-builder-column-4 > .fusion-column-wrapper {padding-top : 0px !important;padding-right : 0px !important;margin-right : 3.84%;padding-bottom : 0px !important;padding-left : 0px !important;margin-left : 3.84%;}@media only screen and (max-width:1024px) {.fusion-body .fusion-builder-column-4{width:100% !important;order : 0;}.fusion-builder-column-4 > .fusion-column-wrapper {margin-right : 1.92%;margin-left : 1.92%;}}@media only screen and (max-width:640px) {.fusion-body .fusion-builder-column-4{width:100% !important;order : 0;}.fusion-builder-column-4 > .fusion-column-wrapper {margin-right : 1.92%;margin-left : 1.92%;}}<\/style><\/div><\/div><style type=\"text\/css\">.fusion-body .fusion-flex-container.fusion-builder-row-3{ padding-top : 0px;margin-top : 50px;padding-right : 0px;padding-bottom : 0px;margin-bottom : 50px;padding-left : 0px;}<\/style><\/div><div class=\"fusion-fullwidth fullwidth-box fusion-builder-row-4 fusion-flex-container nonhundred-percent-fullwidth non-hundred-percent-height-scrolling\" style=\"background-color: #f5f5f5;background-position: center center;background-repeat: no-repeat;border-width: 0px 0px 0px 0px;border-color:#eae9e9;border-style:solid;\" ><div class=\"fusion-builder-row fusion-row fusion-flex-align-items-flex-start\" style=\"max-width:1216.8px;margin-left: calc(-4% \/ 2 );margin-right: calc(-4% \/ 2 );\"><div class=\"fusion-layout-column fusion_builder_column fusion-builder-column-5 fusion_builder_column_1_2 1_2 fusion-flex-column\"><div class=\"fusion-column-wrapper fusion-flex-justify-content-flex-start fusion-content-layout-column\" style=\"background-position:left top;background-repeat:no-repeat;-webkit-background-size:cover;-moz-background-size:cover;-o-background-size:cover;background-size:cover;padding: 0px 0px 0px 0px;\"><div ><span class=\" fusion-imageframe imageframe-none imageframe-2 hover-type-none\"><img decoding=\"async\" width=\"1065\" height=\"1080\" title=\"Kontakt oss\" src=\"https:\/\/www.aventia.no\/kommunetv\/wp-content\/uploads\/sites\/2\/2023\/09\/dame_ringer-1065x1080.png\" class=\"img-responsive wp-image-1248\" srcset=\"https:\/\/www.aventia.no\/kommunetv\/wp-content\/uploads\/sites\/2\/2023\/09\/dame_ringer-200x203.png 200w, https:\/\/www.aventia.no\/kommunetv\/wp-content\/uploads\/sites\/2\/2023\/09\/dame_ringer-400x406.png 400w, https:\/\/www.aventia.no\/kommunetv\/wp-content\/uploads\/sites\/2\/2023\/09\/dame_ringer-600x609.png 600w, https:\/\/www.aventia.no\/kommunetv\/wp-content\/uploads\/sites\/2\/2023\/09\/dame_ringer-800x811.png 800w, https:\/\/www.aventia.no\/kommunetv\/wp-content\/uploads\/sites\/2\/2023\/09\/dame_ringer-1200x1217.png 1200w, https:\/\/www.aventia.no\/kommunetv\/wp-content\/uploads\/sites\/2\/2023\/09\/dame_ringer.png 1680w\" sizes=\"(max-width: 1024px) 100vw, (max-width: 640px) 100vw, 600px\" \/><\/span><\/div><\/div><style type=\"text\/css\">.fusion-body .fusion-builder-column-5{width:50% !important;margin-top : 15px;margin-bottom : 15px;}.fusion-builder-column-5 > .fusion-column-wrapper {padding-top : 0px !important;padding-right : 0px !important;margin-right : 9.6%;padding-bottom : 0px !important;padding-left : 0px !important;margin-left : 3.84%;}@media only screen and (max-width:1024px) {.fusion-body .fusion-builder-column-5{width:100% !important;order : 0;}.fusion-builder-column-5 > .fusion-column-wrapper {margin-right : 1.92%;margin-left : 1.92%;}}@media only screen and (max-width:640px) {.fusion-body .fusion-builder-column-5{width:100% !important;order : 0;}.fusion-builder-column-5 > .fusion-column-wrapper {margin-right : 1.92%;margin-left : 1.92%;}}<\/style><\/div><div class=\"fusion-layout-column fusion_builder_column fusion-builder-column-6 fusion_builder_column_1_2 1_2 fusion-flex-column fusion-flex-align-self-center\"><div class=\"fusion-column-wrapper fusion-flex-justify-content-flex-start fusion-content-layout-column\" style=\"background-position:left top;background-repeat:no-repeat;-webkit-background-size:cover;-moz-background-size:cover;-o-background-size:cover;background-size:cover;padding: 0px 0px 0px 0px;\"><div class=\"fusion-text fusion-text-6 fusion-text-no-margin\" style=\"margin-bottom:30px;\"><p>\u00d8nsker du \u00e5 ta dine politiske m\u00f8ter til neste niv\u00e5 med Digital Avstemning? Ta kontakt med oss i dag for en demonstrasjon og en tilpasset l\u00f8sning som passer deres behov.<\/p>\n<\/div><div style=\"text-align:left;\"><style type=\"text\/css\">.fusion-button.button-2 .fusion-button-text, .fusion-button.button-2 i {color:#ffffff;}.fusion-button.button-2 .fusion-button-icon-divider{border-color:#ffffff;}.fusion-button.button-2:hover .fusion-button-text, .fusion-button.button-2:hover i,.fusion-button.button-2:focus .fusion-button-text, .fusion-button.button-2:focus i,.fusion-button.button-2:active .fusion-button-text, .fusion-button.button-2:active{color:#ffffff;}.fusion-button.button-2:hover .fusion-button-icon-divider, .fusion-button.button-2:hover .fusion-button-icon-divider, .fusion-button.button-2:active .fusion-button-icon-divider{border-color:#ffffff;}.fusion-button.button-2:hover, .fusion-button.button-2:focus, .fusion-button.button-2:active{border-color:#ffffff;}.fusion-button.button-2 {border-color:#ffffff;border-radius:2px;}.fusion-button.button-2{background: #d63b30;}.fusion-button.button-2:hover,.button-2:focus,.fusion-button.button-2:active{background: #474747;}<\/style><a class=\"fusion-button button-flat fusion-button-default-size button-custom button-2 fusion-button-default-span fusion-button-default-type\" target=\"_self\" href=\"https:\/\/www.aventia.no\/kommunetv\/kontakt-oss\/\"><span class=\"fusion-button-text\">Ta kontakt med oss<\/span><\/a><\/div>\n<\/div><style type=\"text\/css\">.fusion-body .fusion-builder-column-6{width:50% !important;margin-top : 0px;margin-bottom : 0px;}.fusion-builder-column-6 > .fusion-column-wrapper {padding-top : 0px !important;padding-right : 0px !important;margin-right : 0%;padding-bottom : 0px !important;padding-left : 0px !important;margin-left : 0%;}@media only screen and (max-width:1024px) {.fusion-body .fusion-builder-column-6{width:100% !important;order : 0;}.fusion-builder-column-6 > .fusion-column-wrapper {margin-right : 1.92%;margin-left : 1.92%;}}@media only screen and (max-width:640px) {.fusion-body .fusion-builder-column-6{width:100% !important;order : 0;}.fusion-builder-column-6 > .fusion-column-wrapper {margin-right : 1.92%;margin-left : 1.92%;}}<\/style><\/div><\/div><style type=\"text\/css\">.fusion-body .fusion-flex-container.fusion-builder-row-4{ padding-top : 100px;margin-top : 50px;padding-right : 0px;padding-bottom : 100px;margin-bottom : 0px;padding-left : 0px;}<\/style><\/div><\/p>\n","protected":false},"excerpt":{"rendered":"","protected":false},"author":7,"featured_media":0,"parent":0,"menu_order":0,"comment_status":"closed","ping_status":"closed","template":"100-width.php","meta":[],"yoast_head":"<!-- This site is optimized with the Yoast SEO plugin v19.5.1 - https:\/\/yoast.com\/wordpress\/plugins\/seo\/ -->\r\n<title>Digital avstemning - KommuneTV | Aventia AS<\/title>\r\n<meta name=\"robots\" content=\"index, follow, max-snippet:-1, max-image-preview:large, max-video-preview:-1\" \/>\r\n<link rel=\"canonical\" href=\"https:\/\/www.aventia.no\/kommunetv\/digital-avstemning\/\" \/>\r\n<meta property=\"og:locale\" content=\"nb_NO\" \/>\r\n<meta property=\"og:type\" content=\"article\" \/>\r\n<meta property=\"og:title\" content=\"Digital avstemning - KommuneTV | Aventia AS\" \/>\r\n<meta property=\"og:url\" content=\"https:\/\/www.aventia.no\/kommunetv\/digital-avstemning\/\" \/>\r\n<meta property=\"og:site_name\" content=\"KommuneTV | Aventia AS\" \/>\r\n<meta property=\"article:publisher\" content=\"https:\/\/www.facebook.com\/aventiano\" \/>\r\n<meta property=\"article:modified_time\" content=\"2025-06-19T09:36:54+00:00\" \/>\r\n<meta name=\"twitter:card\" content=\"summary_large_image\" \/>\r\n<meta name=\"twitter:label1\" content=\"Ansl. lesetid\" \/>\n\t<meta name=\"twitter:data1\" content=\"8 minutter\" \/>\r\n<script type=\"application\/ld+json\" class=\"yoast-schema-graph\">{\"@context\":\"https:\/\/schema.org\",\"@graph\":[{\"@type\":\"WebPage\",\"@id\":\"https:\/\/www.aventia.no\/kommunetv\/digital-avstemning\/\",\"url\":\"https:\/\/www.aventia.no\/kommunetv\/digital-avstemning\/\",\"name\":\"Digital avstemning - KommuneTV | Aventia AS\",\"isPartOf\":{\"@id\":\"https:\/\/www.aventia.no\/kommunetv\/#website\"},\"datePublished\":\"2023-09-07T10:51:24+00:00\",\"dateModified\":\"2025-06-19T09:36:54+00:00\",\"breadcrumb\":{\"@id\":\"https:\/\/www.aventia.no\/kommunetv\/digital-avstemning\/#breadcrumb\"},\"inLanguage\":\"nb-NO\",\"potentialAction\":[{\"@type\":\"ReadAction\",\"target\":[\"https:\/\/www.aventia.no\/kommunetv\/digital-avstemning\/\"]}]},{\"@type\":\"BreadcrumbList\",\"@id\":\"https:\/\/www.aventia.no\/kommunetv\/digital-avstemning\/#breadcrumb\",\"itemListElement\":[{\"@type\":\"ListItem\",\"position\":1,\"name\":\"Hjem\",\"item\":\"https:\/\/www.aventia.no\/kommunetv\/\"},{\"@type\":\"ListItem\",\"position\":2,\"name\":\"Digital avstemning\"}]},{\"@type\":\"WebSite\",\"@id\":\"https:\/\/www.aventia.no\/kommunetv\/#website\",\"url\":\"https:\/\/www.aventia.no\/kommunetv\/\",\"name\":\"KommuneTV | Aventia AS\",\"description\":\"KommuneTV\",\"publisher\":{\"@id\":\"https:\/\/www.aventia.no\/kommunetv\/#organization\"},\"potentialAction\":[{\"@type\":\"SearchAction\",\"target\":{\"@type\":\"EntryPoint\",\"urlTemplate\":\"https:\/\/www.aventia.no\/kommunetv\/?s={search_term_string}\"},\"query-input\":\"required name=search_term_string\"}],\"inLanguage\":\"nb-NO\"},{\"@type\":\"Organization\",\"@id\":\"https:\/\/www.aventia.no\/kommunetv\/#organization\",\"name\":\"KommuneTV | Aventia AS\",\"url\":\"https:\/\/www.aventia.no\/kommunetv\/\",\"sameAs\":[\"https:\/\/www.linkedin.com\/company\/aventia-as\",\"https:\/\/www.facebook.com\/aventiano\"],\"logo\":{\"@type\":\"ImageObject\",\"inLanguage\":\"nb-NO\",\"@id\":\"https:\/\/www.aventia.no\/kommunetv\/#\/schema\/logo\/image\/\",\"url\":\"https:\/\/www.aventia.no\/kommunetv\/wp-content\/uploads\/sites\/2\/2022\/05\/aventia-email-logo.png\",\"contentUrl\":\"https:\/\/www.aventia.no\/kommunetv\/wp-content\/uploads\/sites\/2\/2022\/05\/aventia-email-logo.png\",\"width\":90,\"height\":90,\"caption\":\"KommuneTV | Aventia AS\"},\"image\":{\"@id\":\"https:\/\/www.aventia.no\/kommunetv\/#\/schema\/logo\/image\/\"}}]}<\/script>\r\n<!-- \/ Yoast SEO plugin. -->","yoast_head_json":{"title":"Digital avstemning - KommuneTV | Aventia AS","robots":{"index":"index","follow":"follow","max-snippet":"max-snippet:-1","max-image-preview":"max-image-preview:large","max-video-preview":"max-video-preview:-1"},"canonical":"https:\/\/www.aventia.no\/kommunetv\/digital-avstemning\/","og_locale":"nb_NO","og_type":"article","og_title":"Digital avstemning - KommuneTV | Aventia AS","og_url":"https:\/\/www.aventia.no\/kommunetv\/digital-avstemning\/","og_site_name":"KommuneTV | Aventia AS","article_publisher":"https:\/\/www.facebook.com\/aventiano","article_modified_time":"2025-06-19T09:36:54+00:00","twitter_card":"summary_large_image","twitter_misc":{"Ansl. lesetid":"8 minutter"},"schema":{"@context":"https:\/\/schema.org","@graph":[{"@type":"WebPage","@id":"https:\/\/www.aventia.no\/kommunetv\/digital-avstemning\/","url":"https:\/\/www.aventia.no\/kommunetv\/digital-avstemning\/","name":"Digital avstemning - KommuneTV | Aventia AS","isPartOf":{"@id":"https:\/\/www.aventia.no\/kommunetv\/#website"},"datePublished":"2023-09-07T10:51:24+00:00","dateModified":"2025-06-19T09:36:54+00:00","breadcrumb":{"@id":"https:\/\/www.aventia.no\/kommunetv\/digital-avstemning\/#breadcrumb"},"inLanguage":"nb-NO","potentialAction":[{"@type":"ReadAction","target":["https:\/\/www.aventia.no\/kommunetv\/digital-avstemning\/"]}]},{"@type":"BreadcrumbList","@id":"https:\/\/www.aventia.no\/kommunetv\/digital-avstemning\/#breadcrumb","itemListElement":[{"@type":"ListItem","position":1,"name":"Hjem","item":"https:\/\/www.aventia.no\/kommunetv\/"},{"@type":"ListItem","position":2,"name":"Digital avstemning"}]},{"@type":"WebSite","@id":"https:\/\/www.aventia.no\/kommunetv\/#website","url":"https:\/\/www.aventia.no\/kommunetv\/","name":"KommuneTV | Aventia AS","description":"KommuneTV","publisher":{"@id":"https:\/\/www.aventia.no\/kommunetv\/#organization"},"potentialAction":[{"@type":"SearchAction","target":{"@type":"EntryPoint","urlTemplate":"https:\/\/www.aventia.no\/kommunetv\/?s={search_term_string}"},"query-input":"required name=search_term_string"}],"inLanguage":"nb-NO"},{"@type":"Organization","@id":"https:\/\/www.aventia.no\/kommunetv\/#organization","name":"KommuneTV | Aventia AS","url":"https:\/\/www.aventia.no\/kommunetv\/","sameAs":["https:\/\/www.linkedin.com\/company\/aventia-as","https:\/\/www.facebook.com\/aventiano"],"logo":{"@type":"ImageObject","inLanguage":"nb-NO","@id":"https:\/\/www.aventia.no\/kommunetv\/#\/schema\/logo\/image\/","url":"https:\/\/www.aventia.no\/kommunetv\/wp-content\/uploads\/sites\/2\/2022\/05\/aventia-email-logo.png","contentUrl":"https:\/\/www.aventia.no\/kommunetv\/wp-content\/uploads\/sites\/2\/2022\/05\/aventia-email-logo.png","width":90,"height":90,"caption":"KommuneTV | Aventia AS"},"image":{"@id":"https:\/\/www.aventia.no\/kommunetv\/#\/schema\/logo\/image\/"}}]}},"_links":{"self":[{"href":"https:\/\/www.aventia.no\/kommunetv\/wp-json\/wp\/v2\/pages\/1224"}],"collection":[{"href":"https:\/\/www.aventia.no\/kommunetv\/wp-json\/wp\/v2\/pages"}],"about":[{"href":"https:\/\/www.aventia.no\/kommunetv\/wp-json\/wp\/v2\/types\/page"}],"author":[{"embeddable":true,"href":"https:\/\/www.aventia.no\/kommunetv\/wp-json\/wp\/v2\/users\/7"}],"replies":[{"embeddable":true,"href":"https:\/\/www.aventia.no\/kommunetv\/wp-json\/wp\/v2\/comments?post=1224"}],"version-history":[{"count":16,"href":"https:\/\/www.aventia.no\/kommunetv\/wp-json\/wp\/v2\/pages\/1224\/revisions"}],"predecessor-version":[{"id":2142,"href":"https:\/\/www.aventia.no\/kommunetv\/wp-json\/wp\/v2\/pages\/1224\/revisions\/2142"}],"wp:attachment":[{"href":"https:\/\/www.aventia.no\/kommunetv\/wp-json\/wp\/v2\/media?parent=1224"}],"curies":[{"name":"wp","href":"https:\/\/api.w.org\/{rel}","templated":true}]}}